{"id":2720,"date":"2022-08-12T08:54:31","date_gmt":"2022-08-12T06:54:31","guid":{"rendered":"https:\/\/www.frankvannuus.nl\/product\/kuhschwanzpendel-die-heilige-dreifaltigkeit\/"},"modified":"2023-01-23T16:30:58","modified_gmt":"2023-01-23T15:30:58","slug":"kuhschwanzpendel-die-heilige-3-einheit","status":"publish","type":"product","link":"https:\/\/www.frankvannuus.nl\/de\/produkt\/kuhschwanzpendel-die-heilige-3-einheit\/","title":{"rendered":"Kuhschwanzpendel, Die Heilige Dreifaltigkeit"},"content":{"rendered":"<p><strong>Die Heilige Dreifaltigkeit<\/strong><\/p>\n<p>Ein solches Objekt in diesem tadellosen Zustand wird selten angeboten. Vergr\u00f6\u00dfern Sie die Fotos und lassen Sie sich \u00fcberzeugen.<\/p>\n","protected":false},"excerpt":{"rendered":"<p><strong>Kuhschwanzpendel, Die Heilige Dreifaltigkeit<\/strong><\/p>\n<p>Ein solches Objekt in diesem tadellosen Zustand wird selten angeboten. Vergr\u00f6\u00dfern Sie die Fotos und lassen Sie sich \u00fcberzeugen.<\/p>\n","protected":false},"featured_media":2695,"comment_status":"open","ping_status":"closed","template":"","meta":[],"product_brand":[],"product_cat":[274,284],"product_tag":[],"class_list":{"0":"post-2720","1":"product","2":"type-product","3":"status-publish","4":"has-post-thumbnail","6":"product_cat-sortiment","7":"product_cat-wanduhr","9":"first","10":"instock","11":"shipping-taxable","12":"product-type-simple"},"yoast_head":"<!-- This site is optimized with the Yoast SEO plugin v25.4 - https:\/\/yoast.com\/wordpress\/plugins\/seo\/ -->\n<title>Kuhschwanzpendel, Die Heilige Dreifaltigkeit | Frank van Nuus<\/title>\n<meta name=\"description\" content=\"Einzigartige Uhr in ausgezeichnetem Zustand, signiert und bekannt als die Heilige Dreifaltigkeit. Zeit: 1760,\" \/>\n<meta name=\"robots\" content=\"index, follow, max-snippet:-1, max-image-preview:large, max-video-preview:-1\" \/>\n<link rel=\"canonical\" href=\"https:\/\/www.frankvannuus.nl\/de\/produkt\/kuhschwanzpendel-die-heilige-3-einheit\/\" \/>\n<meta property=\"og:locale\" content=\"de_DE\" \/>\n<meta property=\"og:type\" content=\"article\" \/>\n<meta property=\"og:title\" content=\"Kuhschwanzpendel, Die Heilige Dreifaltigkeit | Frank van Nuus\" \/>\n<meta property=\"og:description\" content=\"Einzigartige Uhr in ausgezeichnetem Zustand, signiert und bekannt als die Heilige Dreifaltigkeit. Zeit: 1760,\" \/>\n<meta property=\"og:url\" content=\"https:\/\/www.frankvannuus.nl\/de\/produkt\/kuhschwanzpendel-die-heilige-3-einheit\/\" \/>\n<meta property=\"og:site_name\" content=\"Frank van Nuus\" \/>\n<meta property=\"article:modified_time\" content=\"2023-01-23T15:30:58+00:00\" \/>\n<meta property=\"og:image\" content=\"https:\/\/www.frankvannuus.nl\/wp-content\/uploads\/2022\/08\/Kuhschwanzpendel-hoofd.jpg\" \/>\n\t<meta property=\"og:image:width\" content=\"1559\" \/>\n\t<meta property=\"og:image:height\" content=\"1560\" \/>\n\t<meta property=\"og:image:type\" content=\"image\/jpeg\" \/>\n<meta name=\"twitter:card\" content=\"summary_large_image\" \/>\n<script type=\"application\/ld+json\" class=\"yoast-schema-graph\">{\"@context\":\"https:\/\/schema.org\",\"@graph\":[{\"@type\":\"WebPage\",\"@id\":\"https:\/\/www.frankvannuus.nl\/de\/produkt\/kuhschwanzpendel-die-heilige-3-einheit\/\",\"url\":\"https:\/\/www.frankvannuus.nl\/de\/produkt\/kuhschwanzpendel-die-heilige-3-einheit\/\",\"name\":\"Kuhschwanzpendel, Die Heilige Dreifaltigkeit | Frank van Nuus\",\"isPartOf\":{\"@id\":\"https:\/\/www.frankvannuus.nl\/de\/#website\"},\"primaryImageOfPage\":{\"@id\":\"https:\/\/www.frankvannuus.nl\/de\/produkt\/kuhschwanzpendel-die-heilige-3-einheit\/#primaryimage\"},\"image\":{\"@id\":\"https:\/\/www.frankvannuus.nl\/de\/produkt\/kuhschwanzpendel-die-heilige-3-einheit\/#primaryimage\"},\"thumbnailUrl\":\"https:\/\/www.frankvannuus.nl\/wp-content\/uploads\/2022\/08\/Kuhschwanzpendel-hoofd.jpg\",\"datePublished\":\"2022-08-12T06:54:31+00:00\",\"dateModified\":\"2023-01-23T15:30:58+00:00\",\"description\":\"Einzigartige Uhr in ausgezeichnetem Zustand, signiert und bekannt als die Heilige Dreifaltigkeit. Zeit: 1760,\",\"breadcrumb\":{\"@id\":\"https:\/\/www.frankvannuus.nl\/de\/produkt\/kuhschwanzpendel-die-heilige-3-einheit\/#breadcrumb\"},\"inLanguage\":\"de\",\"potentialAction\":[{\"@type\":\"ReadAction\",\"target\":[\"https:\/\/www.frankvannuus.nl\/de\/produkt\/kuhschwanzpendel-die-heilige-3-einheit\/\"]}]},{\"@type\":\"ImageObject\",\"inLanguage\":\"de\",\"@id\":\"https:\/\/www.frankvannuus.nl\/de\/produkt\/kuhschwanzpendel-die-heilige-3-einheit\/#primaryimage\",\"url\":\"https:\/\/www.frankvannuus.nl\/wp-content\/uploads\/2022\/08\/Kuhschwanzpendel-hoofd.jpg\",\"contentUrl\":\"https:\/\/www.frankvannuus.nl\/wp-content\/uploads\/2022\/08\/Kuhschwanzpendel-hoofd.jpg\",\"width\":1559,\"height\":1560,\"caption\":\"Wandklok,\"},{\"@type\":\"BreadcrumbList\",\"@id\":\"https:\/\/www.frankvannuus.nl\/de\/produkt\/kuhschwanzpendel-die-heilige-3-einheit\/#breadcrumb\",\"itemListElement\":[{\"@type\":\"ListItem\",\"position\":1,\"name\":\"Home\",\"item\":\"https:\/\/www.frankvannuus.nl\/de\/home\/\"},{\"@type\":\"ListItem\",\"position\":2,\"name\":\"Sammlung\",\"item\":\"https:\/\/www.frankvannuus.nl\/de\/shop\/\"},{\"@type\":\"ListItem\",\"position\":3,\"name\":\"Kuhschwanzpendel, Die Heilige Dreifaltigkeit\"}]},{\"@type\":\"WebSite\",\"@id\":\"https:\/\/www.frankvannuus.nl\/de\/#website\",\"url\":\"https:\/\/www.frankvannuus.nl\/de\/\",\"name\":\"Frank van Nuus\",\"description\":\"Uurwerkmaker &amp; Restaurateur\",\"potentialAction\":[{\"@type\":\"SearchAction\",\"target\":{\"@type\":\"EntryPoint\",\"urlTemplate\":\"https:\/\/www.frankvannuus.nl\/de\/?s={search_term_string}\"},\"query-input\":{\"@type\":\"PropertyValueSpecification\",\"valueRequired\":true,\"valueName\":\"search_term_string\"}}],\"inLanguage\":\"de\"}]}<\/script>\n<!-- \/ Yoast SEO plugin. -->","yoast_head_json":{"title":"Kuhschwanzpendel, Die Heilige Dreifaltigkeit | Frank van Nuus","description":"Einzigartige Uhr in ausgezeichnetem Zustand, signiert und bekannt als die Heilige Dreifaltigkeit. Zeit: 1760,","robots":{"index":"index","follow":"follow","max-snippet":"max-snippet:-1","max-image-preview":"max-image-preview:large","max-video-preview":"max-video-preview:-1"},"canonical":"https:\/\/www.frankvannuus.nl\/de\/produkt\/kuhschwanzpendel-die-heilige-3-einheit\/","og_locale":"de_DE","og_type":"article","og_title":"Kuhschwanzpendel, Die Heilige Dreifaltigkeit | Frank van Nuus","og_description":"Einzigartige Uhr in ausgezeichnetem Zustand, signiert und bekannt als die Heilige Dreifaltigkeit. Zeit: 1760,","og_url":"https:\/\/www.frankvannuus.nl\/de\/produkt\/kuhschwanzpendel-die-heilige-3-einheit\/","og_site_name":"Frank van Nuus","article_modified_time":"2023-01-23T15:30:58+00:00","og_image":[{"width":1559,"height":1560,"url":"https:\/\/www.frankvannuus.nl\/wp-content\/uploads\/2022\/08\/Kuhschwanzpendel-hoofd.jpg","type":"image\/jpeg"}],"twitter_card":"summary_large_image","schema":{"@context":"https:\/\/schema.org","@graph":[{"@type":"WebPage","@id":"https:\/\/www.frankvannuus.nl\/de\/produkt\/kuhschwanzpendel-die-heilige-3-einheit\/","url":"https:\/\/www.frankvannuus.nl\/de\/produkt\/kuhschwanzpendel-die-heilige-3-einheit\/","name":"Kuhschwanzpendel, Die Heilige Dreifaltigkeit | Frank van Nuus","isPartOf":{"@id":"https:\/\/www.frankvannuus.nl\/de\/#website"},"primaryImageOfPage":{"@id":"https:\/\/www.frankvannuus.nl\/de\/produkt\/kuhschwanzpendel-die-heilige-3-einheit\/#primaryimage"},"image":{"@id":"https:\/\/www.frankvannuus.nl\/de\/produkt\/kuhschwanzpendel-die-heilige-3-einheit\/#primaryimage"},"thumbnailUrl":"https:\/\/www.frankvannuus.nl\/wp-content\/uploads\/2022\/08\/Kuhschwanzpendel-hoofd.jpg","datePublished":"2022-08-12T06:54:31+00:00","dateModified":"2023-01-23T15:30:58+00:00","description":"Einzigartige Uhr in ausgezeichnetem Zustand, signiert und bekannt als die Heilige Dreifaltigkeit. Zeit: 1760,","breadcrumb":{"@id":"https:\/\/www.frankvannuus.nl\/de\/produkt\/kuhschwanzpendel-die-heilige-3-einheit\/#breadcrumb"},"inLanguage":"de","potentialAction":[{"@type":"ReadAction","target":["https:\/\/www.frankvannuus.nl\/de\/produkt\/kuhschwanzpendel-die-heilige-3-einheit\/"]}]},{"@type":"ImageObject","inLanguage":"de","@id":"https:\/\/www.frankvannuus.nl\/de\/produkt\/kuhschwanzpendel-die-heilige-3-einheit\/#primaryimage","url":"https:\/\/www.frankvannuus.nl\/wp-content\/uploads\/2022\/08\/Kuhschwanzpendel-hoofd.jpg","contentUrl":"https:\/\/www.frankvannuus.nl\/wp-content\/uploads\/2022\/08\/Kuhschwanzpendel-hoofd.jpg","width":1559,"height":1560,"caption":"Wandklok,"},{"@type":"BreadcrumbList","@id":"https:\/\/www.frankvannuus.nl\/de\/produkt\/kuhschwanzpendel-die-heilige-3-einheit\/#breadcrumb","itemListElement":[{"@type":"ListItem","position":1,"name":"Home","item":"https:\/\/www.frankvannuus.nl\/de\/home\/"},{"@type":"ListItem","position":2,"name":"Sammlung","item":"https:\/\/www.frankvannuus.nl\/de\/shop\/"},{"@type":"ListItem","position":3,"name":"Kuhschwanzpendel, Die Heilige Dreifaltigkeit"}]},{"@type":"WebSite","@id":"https:\/\/www.frankvannuus.nl\/de\/#website","url":"https:\/\/www.frankvannuus.nl\/de\/","name":"Frank van Nuus","description":"Uurwerkmaker &amp; Restaurateur","potentialAction":[{"@type":"SearchAction","target":{"@type":"EntryPoint","urlTemplate":"https:\/\/www.frankvannuus.nl\/de\/?s={search_term_string}"},"query-input":{"@type":"PropertyValueSpecification","valueRequired":true,"valueName":"search_term_string"}}],"inLanguage":"de"}]}},"_links":{"self":[{"href":"https:\/\/www.frankvannuus.nl\/de\/wp-json\/wp\/v2\/product\/2720","targetHints":{"allow":["GET"]}}],"collection":[{"href":"https:\/\/www.frankvannuus.nl\/de\/wp-json\/wp\/v2\/product"}],"about":[{"href":"https:\/\/www.frankvannuus.nl\/de\/wp-json\/wp\/v2\/types\/product"}],"replies":[{"embeddable":true,"href":"https:\/\/www.frankvannuus.nl\/de\/wp-json\/wp\/v2\/comments?post=2720"}],"wp:featuredmedia":[{"embeddable":true,"href":"https:\/\/www.frankvannuus.nl\/de\/wp-json\/wp\/v2\/media\/2695"}],"wp:attachment":[{"href":"https:\/\/www.frankvannuus.nl\/de\/wp-json\/wp\/v2\/media?parent=2720"}],"wp:term":[{"taxonomy":"product_brand","embeddable":true,"href":"https:\/\/www.frankvannuus.nl\/de\/wp-json\/wp\/v2\/product_brand?post=2720"},{"taxonomy":"product_cat","embeddable":true,"href":"https:\/\/www.frankvannuus.nl\/de\/wp-json\/wp\/v2\/product_cat?post=2720"},{"taxonomy":"product_tag","embeddable":true,"href":"https:\/\/www.frankvannuus.nl\/de\/wp-json\/wp\/v2\/product_tag?post=2720"}],"curies":[{"name":"wp","href":"https:\/\/api.w.org\/{rel}","templated":true}]}}