{"id":2689,"date":"2022-08-10T15:13:04","date_gmt":"2022-08-10T13:13:04","guid":{"rendered":"https:\/\/www.frankvannuus.nl\/product\/cercles-tournant\/"},"modified":"2023-02-23T15:58:47","modified_gmt":"2023-02-23T14:58:47","slug":"cercles-tournant","status":"publish","type":"product","link":"https:\/\/www.frankvannuus.nl\/de\/produkt\/cercles-tournant\/","title":{"rendered":"Cercles Tournant"},"content":{"rendered":"<p><strong>Pendule Cercle Tournant mit waagerechten Zifferbl\u00e4tter, Frankreich, dritte Viertel 18 Jahrhundert. Doppelt signiert L\u2019Echopi\u00e9 \u00e0 Paris.<\/strong><\/p>\n<p>L\u00b4Echopi\u00e9. L\u00b4Echopi\u00e9 dieser sehr engagierte Uhrmacher wurde 1758 Meister, 1772-1774 vereidigt und 1779 Mitglied der Aufsichtskammer. Sch\u00f6n ausbalanciertes Pendel. Die Stunden und Minutenzifferring sind waagerecht. Eine Pfeile fungiert als Zeiger. Die Qualit\u00e4t des Uhrwerks ist fabelhaft. Doppelt signiert L\u2019Echopi\u00e9 \u00e0 Paris sowohl auf dem Ziffernring als auch auf dem Uhrwerk.<\/p>\n","protected":false},"excerpt":{"rendered":"<p>Pendule Cercle Tournant mit waagerechten Zifferbl\u00e4tter, Frankreich, dritte Viertel 18<\/p>\n","protected":false},"featured_media":2440,"comment_status":"open","ping_status":"closed","template":"","meta":[],"product_brand":[],"product_cat":[281,274],"product_tag":[],"class_list":{"0":"post-2689","1":"product","2":"type-product","3":"status-publish","4":"has-post-thumbnail","6":"product_cat-pendel","7":"product_cat-sortiment","9":"first","10":"instock","11":"shipping-taxable","12":"product-type-simple"},"yoast_head":"<!-- This site is optimized with the Yoast SEO plugin v25.4 - https:\/\/yoast.com\/wordpress\/plugins\/seo\/ -->\n<title>Pendel Uhr Cecles Tournant L&#039;Echopi\u00e9 | Frank van Nuus<\/title>\n<meta name=\"description\" content=\"Besondere Kaminuhr mit wei\u00dfem Marmor, Zeitanzeige durch rotierende Scheiben. Doppelt signiert Stil Periode Louis Seize\" \/>\n<meta name=\"robots\" content=\"index, follow, max-snippet:-1, max-image-preview:large, max-video-preview:-1\" \/>\n<link rel=\"canonical\" href=\"https:\/\/www.frankvannuus.nl\/de\/produkt\/cercles-tournant\/\" \/>\n<meta property=\"og:locale\" content=\"de_DE\" \/>\n<meta property=\"og:type\" content=\"article\" \/>\n<meta property=\"og:title\" content=\"Pendel Uhr Cecles Tournant L&#039;Echopi\u00e9 | Frank van Nuus\" \/>\n<meta property=\"og:description\" content=\"Besondere Kaminuhr mit wei\u00dfem Marmor, Zeitanzeige durch rotierende Scheiben. Doppelt signiert Stil Periode Louis Seize\" \/>\n<meta property=\"og:url\" content=\"https:\/\/www.frankvannuus.nl\/de\/produkt\/cercles-tournant\/\" \/>\n<meta property=\"og:site_name\" content=\"Frank van Nuus\" \/>\n<meta property=\"article:modified_time\" content=\"2023-02-23T14:58:47+00:00\" \/>\n<meta property=\"og:image\" content=\"https:\/\/www.frankvannuus.nl\/wp-content\/uploads\/2022\/08\/Cercles-Tournant-n-010-hoofdafb.jpg\" \/>\n\t<meta property=\"og:image:width\" content=\"2244\" \/>\n\t<meta property=\"og:image:height\" content=\"2244\" \/>\n\t<meta property=\"og:image:type\" content=\"image\/jpeg\" \/>\n<meta name=\"twitter:card\" content=\"summary_large_image\" \/>\n<script type=\"application\/ld+json\" class=\"yoast-schema-graph\">{\"@context\":\"https:\/\/schema.org\",\"@graph\":[{\"@type\":\"WebPage\",\"@id\":\"https:\/\/www.frankvannuus.nl\/de\/produkt\/cercles-tournant\/\",\"url\":\"https:\/\/www.frankvannuus.nl\/de\/produkt\/cercles-tournant\/\",\"name\":\"Pendel Uhr Cecles Tournant L'Echopi\u00e9 | Frank van Nuus\",\"isPartOf\":{\"@id\":\"https:\/\/www.frankvannuus.nl\/de\/#website\"},\"primaryImageOfPage\":{\"@id\":\"https:\/\/www.frankvannuus.nl\/de\/produkt\/cercles-tournant\/#primaryimage\"},\"image\":{\"@id\":\"https:\/\/www.frankvannuus.nl\/de\/produkt\/cercles-tournant\/#primaryimage\"},\"thumbnailUrl\":\"https:\/\/www.frankvannuus.nl\/wp-content\/uploads\/2022\/08\/Cercles-Tournant-n-010-hoofdafb.jpg\",\"datePublished\":\"2022-08-10T13:13:04+00:00\",\"dateModified\":\"2023-02-23T14:58:47+00:00\",\"description\":\"Besondere Kaminuhr mit wei\u00dfem Marmor, Zeitanzeige durch rotierende Scheiben. Doppelt signiert Stil Periode Louis Seize\",\"breadcrumb\":{\"@id\":\"https:\/\/www.frankvannuus.nl\/de\/produkt\/cercles-tournant\/#breadcrumb\"},\"inLanguage\":\"de\",\"potentialAction\":[{\"@type\":\"ReadAction\",\"target\":[\"https:\/\/www.frankvannuus.nl\/de\/produkt\/cercles-tournant\/\"]}]},{\"@type\":\"ImageObject\",\"inLanguage\":\"de\",\"@id\":\"https:\/\/www.frankvannuus.nl\/de\/produkt\/cercles-tournant\/#primaryimage\",\"url\":\"https:\/\/www.frankvannuus.nl\/wp-content\/uploads\/2022\/08\/Cercles-Tournant-n-010-hoofdafb.jpg\",\"contentUrl\":\"https:\/\/www.frankvannuus.nl\/wp-content\/uploads\/2022\/08\/Cercles-Tournant-n-010-hoofdafb.jpg\",\"width\":2244,\"height\":2244,\"caption\":\"Pendule Cercles Tournant met draaiende schijven\"},{\"@type\":\"BreadcrumbList\",\"@id\":\"https:\/\/www.frankvannuus.nl\/de\/produkt\/cercles-tournant\/#breadcrumb\",\"itemListElement\":[{\"@type\":\"ListItem\",\"position\":1,\"name\":\"Home\",\"item\":\"https:\/\/www.frankvannuus.nl\/de\/home\/\"},{\"@type\":\"ListItem\",\"position\":2,\"name\":\"Sammlung\",\"item\":\"https:\/\/www.frankvannuus.nl\/de\/shop\/\"},{\"@type\":\"ListItem\",\"position\":3,\"name\":\"Cercles Tournant\"}]},{\"@type\":\"WebSite\",\"@id\":\"https:\/\/www.frankvannuus.nl\/de\/#website\",\"url\":\"https:\/\/www.frankvannuus.nl\/de\/\",\"name\":\"Frank van Nuus\",\"description\":\"Uurwerkmaker &amp; Restaurateur\",\"potentialAction\":[{\"@type\":\"SearchAction\",\"target\":{\"@type\":\"EntryPoint\",\"urlTemplate\":\"https:\/\/www.frankvannuus.nl\/de\/?s={search_term_string}\"},\"query-input\":{\"@type\":\"PropertyValueSpecification\",\"valueRequired\":true,\"valueName\":\"search_term_string\"}}],\"inLanguage\":\"de\"}]}<\/script>\n<!-- \/ Yoast SEO plugin. -->","yoast_head_json":{"title":"Pendel Uhr Cecles Tournant L'Echopi\u00e9 | Frank van Nuus","description":"Besondere Kaminuhr mit wei\u00dfem Marmor, Zeitanzeige durch rotierende Scheiben. Doppelt signiert Stil Periode Louis Seize","robots":{"index":"index","follow":"follow","max-snippet":"max-snippet:-1","max-image-preview":"max-image-preview:large","max-video-preview":"max-video-preview:-1"},"canonical":"https:\/\/www.frankvannuus.nl\/de\/produkt\/cercles-tournant\/","og_locale":"de_DE","og_type":"article","og_title":"Pendel Uhr Cecles Tournant L'Echopi\u00e9 | Frank van Nuus","og_description":"Besondere Kaminuhr mit wei\u00dfem Marmor, Zeitanzeige durch rotierende Scheiben. Doppelt signiert Stil Periode Louis Seize","og_url":"https:\/\/www.frankvannuus.nl\/de\/produkt\/cercles-tournant\/","og_site_name":"Frank van Nuus","article_modified_time":"2023-02-23T14:58:47+00:00","og_image":[{"width":2244,"height":2244,"url":"https:\/\/www.frankvannuus.nl\/wp-content\/uploads\/2022\/08\/Cercles-Tournant-n-010-hoofdafb.jpg","type":"image\/jpeg"}],"twitter_card":"summary_large_image","schema":{"@context":"https:\/\/schema.org","@graph":[{"@type":"WebPage","@id":"https:\/\/www.frankvannuus.nl\/de\/produkt\/cercles-tournant\/","url":"https:\/\/www.frankvannuus.nl\/de\/produkt\/cercles-tournant\/","name":"Pendel Uhr Cecles Tournant L'Echopi\u00e9 | Frank van Nuus","isPartOf":{"@id":"https:\/\/www.frankvannuus.nl\/de\/#website"},"primaryImageOfPage":{"@id":"https:\/\/www.frankvannuus.nl\/de\/produkt\/cercles-tournant\/#primaryimage"},"image":{"@id":"https:\/\/www.frankvannuus.nl\/de\/produkt\/cercles-tournant\/#primaryimage"},"thumbnailUrl":"https:\/\/www.frankvannuus.nl\/wp-content\/uploads\/2022\/08\/Cercles-Tournant-n-010-hoofdafb.jpg","datePublished":"2022-08-10T13:13:04+00:00","dateModified":"2023-02-23T14:58:47+00:00","description":"Besondere Kaminuhr mit wei\u00dfem Marmor, Zeitanzeige durch rotierende Scheiben. Doppelt signiert Stil Periode Louis Seize","breadcrumb":{"@id":"https:\/\/www.frankvannuus.nl\/de\/produkt\/cercles-tournant\/#breadcrumb"},"inLanguage":"de","potentialAction":[{"@type":"ReadAction","target":["https:\/\/www.frankvannuus.nl\/de\/produkt\/cercles-tournant\/"]}]},{"@type":"ImageObject","inLanguage":"de","@id":"https:\/\/www.frankvannuus.nl\/de\/produkt\/cercles-tournant\/#primaryimage","url":"https:\/\/www.frankvannuus.nl\/wp-content\/uploads\/2022\/08\/Cercles-Tournant-n-010-hoofdafb.jpg","contentUrl":"https:\/\/www.frankvannuus.nl\/wp-content\/uploads\/2022\/08\/Cercles-Tournant-n-010-hoofdafb.jpg","width":2244,"height":2244,"caption":"Pendule Cercles Tournant met draaiende schijven"},{"@type":"BreadcrumbList","@id":"https:\/\/www.frankvannuus.nl\/de\/produkt\/cercles-tournant\/#breadcrumb","itemListElement":[{"@type":"ListItem","position":1,"name":"Home","item":"https:\/\/www.frankvannuus.nl\/de\/home\/"},{"@type":"ListItem","position":2,"name":"Sammlung","item":"https:\/\/www.frankvannuus.nl\/de\/shop\/"},{"@type":"ListItem","position":3,"name":"Cercles Tournant"}]},{"@type":"WebSite","@id":"https:\/\/www.frankvannuus.nl\/de\/#website","url":"https:\/\/www.frankvannuus.nl\/de\/","name":"Frank van Nuus","description":"Uurwerkmaker &amp; Restaurateur","potentialAction":[{"@type":"SearchAction","target":{"@type":"EntryPoint","urlTemplate":"https:\/\/www.frankvannuus.nl\/de\/?s={search_term_string}"},"query-input":{"@type":"PropertyValueSpecification","valueRequired":true,"valueName":"search_term_string"}}],"inLanguage":"de"}]}},"_links":{"self":[{"href":"https:\/\/www.frankvannuus.nl\/de\/wp-json\/wp\/v2\/product\/2689","targetHints":{"allow":["GET"]}}],"collection":[{"href":"https:\/\/www.frankvannuus.nl\/de\/wp-json\/wp\/v2\/product"}],"about":[{"href":"https:\/\/www.frankvannuus.nl\/de\/wp-json\/wp\/v2\/types\/product"}],"replies":[{"embeddable":true,"href":"https:\/\/www.frankvannuus.nl\/de\/wp-json\/wp\/v2\/comments?post=2689"}],"wp:featuredmedia":[{"embeddable":true,"href":"https:\/\/www.frankvannuus.nl\/de\/wp-json\/wp\/v2\/media\/2440"}],"wp:attachment":[{"href":"https:\/\/www.frankvannuus.nl\/de\/wp-json\/wp\/v2\/media?parent=2689"}],"wp:term":[{"taxonomy":"product_brand","embeddable":true,"href":"https:\/\/www.frankvannuus.nl\/de\/wp-json\/wp\/v2\/product_brand?post=2689"},{"taxonomy":"product_cat","embeddable":true,"href":"https:\/\/www.frankvannuus.nl\/de\/wp-json\/wp\/v2\/product_cat?post=2689"},{"taxonomy":"product_tag","embeddable":true,"href":"https:\/\/www.frankvannuus.nl\/de\/wp-json\/wp\/v2\/product_tag?post=2689"}],"curies":[{"name":"wp","href":"https:\/\/api.w.org\/{rel}","templated":true}]}}