{"id":2649,"date":"2022-08-10T15:12:59","date_gmt":"2022-08-10T13:12:59","guid":{"rendered":"https:\/\/www.frankvannuus.nl\/product\/f-roche-a-lavalle\/"},"modified":"2023-01-23T16:36:29","modified_gmt":"2023-01-23T15:36:29","slug":"f-roche-a-lavalle","status":"publish","type":"product","link":"https:\/\/www.frankvannuus.nl\/de\/produkt\/f-roche-a-lavalle\/","title":{"rendered":"F. Roche \u00e0 Lavalle"},"content":{"rendered":"<p>Diese franz\u00f6sische Laternenuhr, ein sogenannter &#8216;Schafskopf&#8217;, hat Gang- und Wecker. \u00dcber dem Zifferblatt ein wundersch\u00f6n gravierter Satarkopf. Soll die b\u00f6sen Geister fernhalten. Das Ganze ist in einem Top-Zustand.<\/p>\n","protected":false},"excerpt":{"rendered":"<p>Diese franz\u00f6sische Laternenuhr, ein sogenannter &#8216;Schafskopf&#8217;, hat Gang- und Wecker.<\/p>\n","protected":false},"featured_media":2502,"comment_status":"open","ping_status":"closed","template":"","meta":[],"product_brand":[],"product_cat":[280,274],"product_tag":[],"class_list":{"0":"post-2649","1":"product","2":"type-product","3":"status-publish","4":"has-post-thumbnail","6":"product_cat-kaminuhr","7":"product_cat-sortiment","9":"first","10":"instock","11":"shipping-taxable","12":"product-type-simple"},"yoast_head":"<!-- This site is optimized with the Yoast SEO plugin v25.4 - https:\/\/yoast.com\/wordpress\/plugins\/seo\/ -->\n<title>Laternenuhr F. \u200b\u200bRoche \u00e0 Lavalle | Frank van Nuus<\/title>\n<meta name=\"description\" content=\"Diese franz\u00f6sische Laternenuhr, ein sogenannter &#039;Schafskopf&#039;, hat Gang- und Wecker. \u00dcber dem Zifferblatt ein wundersch\u00f6n gravierter Satarkopf. Top Zustand\" \/>\n<meta name=\"robots\" content=\"index, follow, max-snippet:-1, max-image-preview:large, max-video-preview:-1\" \/>\n<link rel=\"canonical\" href=\"https:\/\/www.frankvannuus.nl\/de\/produkt\/f-roche-a-lavalle\/\" \/>\n<meta property=\"og:locale\" content=\"de_DE\" \/>\n<meta property=\"og:type\" content=\"article\" \/>\n<meta property=\"og:title\" content=\"Laternenuhr F. \u200b\u200bRoche \u00e0 Lavalle | Frank van Nuus\" \/>\n<meta property=\"og:description\" content=\"Diese franz\u00f6sische Laternenuhr, ein sogenannter &#039;Schafskopf&#039;, hat Gang- und Wecker. \u00dcber dem Zifferblatt ein wundersch\u00f6n gravierter Satarkopf. Top Zustand\" \/>\n<meta property=\"og:url\" content=\"https:\/\/www.frankvannuus.nl\/de\/produkt\/f-roche-a-lavalle\/\" \/>\n<meta property=\"og:site_name\" content=\"Frank van Nuus\" \/>\n<meta property=\"article:modified_time\" content=\"2023-01-23T15:36:29+00:00\" \/>\n<meta property=\"og:image\" content=\"https:\/\/www.frankvannuus.nl\/wp-content\/uploads\/2022\/08\/F.-Roche-a-Lavalle-hoofdafb.jpg\" \/>\n\t<meta property=\"og:image:width\" content=\"934\" \/>\n\t<meta property=\"og:image:height\" content=\"933\" \/>\n\t<meta property=\"og:image:type\" content=\"image\/jpeg\" \/>\n<meta name=\"twitter:card\" content=\"summary_large_image\" \/>\n<script type=\"application\/ld+json\" class=\"yoast-schema-graph\">{\"@context\":\"https:\/\/schema.org\",\"@graph\":[{\"@type\":\"WebPage\",\"@id\":\"https:\/\/www.frankvannuus.nl\/de\/produkt\/f-roche-a-lavalle\/\",\"url\":\"https:\/\/www.frankvannuus.nl\/de\/produkt\/f-roche-a-lavalle\/\",\"name\":\"Laternenuhr F. \u200b\u200bRoche \u00e0 Lavalle | Frank van Nuus\",\"isPartOf\":{\"@id\":\"https:\/\/www.frankvannuus.nl\/de\/#website\"},\"primaryImageOfPage\":{\"@id\":\"https:\/\/www.frankvannuus.nl\/de\/produkt\/f-roche-a-lavalle\/#primaryimage\"},\"image\":{\"@id\":\"https:\/\/www.frankvannuus.nl\/de\/produkt\/f-roche-a-lavalle\/#primaryimage\"},\"thumbnailUrl\":\"https:\/\/www.frankvannuus.nl\/wp-content\/uploads\/2022\/08\/F.-Roche-a-Lavalle-hoofdafb.jpg\",\"datePublished\":\"2022-08-10T13:12:59+00:00\",\"dateModified\":\"2023-01-23T15:36:29+00:00\",\"description\":\"Diese franz\u00f6sische Laternenuhr, ein sogenannter 'Schafskopf', hat Gang- und Wecker. \u00dcber dem Zifferblatt ein wundersch\u00f6n gravierter Satarkopf. Top Zustand\",\"breadcrumb\":{\"@id\":\"https:\/\/www.frankvannuus.nl\/de\/produkt\/f-roche-a-lavalle\/#breadcrumb\"},\"inLanguage\":\"de\",\"potentialAction\":[{\"@type\":\"ReadAction\",\"target\":[\"https:\/\/www.frankvannuus.nl\/de\/produkt\/f-roche-a-lavalle\/\"]}]},{\"@type\":\"ImageObject\",\"inLanguage\":\"de\",\"@id\":\"https:\/\/www.frankvannuus.nl\/de\/produkt\/f-roche-a-lavalle\/#primaryimage\",\"url\":\"https:\/\/www.frankvannuus.nl\/wp-content\/uploads\/2022\/08\/F.-Roche-a-Lavalle-hoofdafb.jpg\",\"contentUrl\":\"https:\/\/www.frankvannuus.nl\/wp-content\/uploads\/2022\/08\/F.-Roche-a-Lavalle-hoofdafb.jpg\",\"width\":934,\"height\":933,\"caption\":\"Deze Franse lantaarnklok,\"},{\"@type\":\"BreadcrumbList\",\"@id\":\"https:\/\/www.frankvannuus.nl\/de\/produkt\/f-roche-a-lavalle\/#breadcrumb\",\"itemListElement\":[{\"@type\":\"ListItem\",\"position\":1,\"name\":\"Home\",\"item\":\"https:\/\/www.frankvannuus.nl\/de\/home\/\"},{\"@type\":\"ListItem\",\"position\":2,\"name\":\"Sammlung\",\"item\":\"https:\/\/www.frankvannuus.nl\/de\/shop\/\"},{\"@type\":\"ListItem\",\"position\":3,\"name\":\"F. Roche \u00e0 Lavalle\"}]},{\"@type\":\"WebSite\",\"@id\":\"https:\/\/www.frankvannuus.nl\/de\/#website\",\"url\":\"https:\/\/www.frankvannuus.nl\/de\/\",\"name\":\"Frank van Nuus\",\"description\":\"Uurwerkmaker &amp; Restaurateur\",\"potentialAction\":[{\"@type\":\"SearchAction\",\"target\":{\"@type\":\"EntryPoint\",\"urlTemplate\":\"https:\/\/www.frankvannuus.nl\/de\/?s={search_term_string}\"},\"query-input\":{\"@type\":\"PropertyValueSpecification\",\"valueRequired\":true,\"valueName\":\"search_term_string\"}}],\"inLanguage\":\"de\"}]}<\/script>\n<!-- \/ Yoast SEO plugin. -->","yoast_head_json":{"title":"Laternenuhr F. \u200b\u200bRoche \u00e0 Lavalle | Frank van Nuus","description":"Diese franz\u00f6sische Laternenuhr, ein sogenannter 'Schafskopf', hat Gang- und Wecker. \u00dcber dem Zifferblatt ein wundersch\u00f6n gravierter Satarkopf. Top Zustand","robots":{"index":"index","follow":"follow","max-snippet":"max-snippet:-1","max-image-preview":"max-image-preview:large","max-video-preview":"max-video-preview:-1"},"canonical":"https:\/\/www.frankvannuus.nl\/de\/produkt\/f-roche-a-lavalle\/","og_locale":"de_DE","og_type":"article","og_title":"Laternenuhr F. \u200b\u200bRoche \u00e0 Lavalle | Frank van Nuus","og_description":"Diese franz\u00f6sische Laternenuhr, ein sogenannter 'Schafskopf', hat Gang- und Wecker. \u00dcber dem Zifferblatt ein wundersch\u00f6n gravierter Satarkopf. Top Zustand","og_url":"https:\/\/www.frankvannuus.nl\/de\/produkt\/f-roche-a-lavalle\/","og_site_name":"Frank van Nuus","article_modified_time":"2023-01-23T15:36:29+00:00","og_image":[{"width":934,"height":933,"url":"https:\/\/www.frankvannuus.nl\/wp-content\/uploads\/2022\/08\/F.-Roche-a-Lavalle-hoofdafb.jpg","type":"image\/jpeg"}],"twitter_card":"summary_large_image","schema":{"@context":"https:\/\/schema.org","@graph":[{"@type":"WebPage","@id":"https:\/\/www.frankvannuus.nl\/de\/produkt\/f-roche-a-lavalle\/","url":"https:\/\/www.frankvannuus.nl\/de\/produkt\/f-roche-a-lavalle\/","name":"Laternenuhr F. \u200b\u200bRoche \u00e0 Lavalle | Frank van Nuus","isPartOf":{"@id":"https:\/\/www.frankvannuus.nl\/de\/#website"},"primaryImageOfPage":{"@id":"https:\/\/www.frankvannuus.nl\/de\/produkt\/f-roche-a-lavalle\/#primaryimage"},"image":{"@id":"https:\/\/www.frankvannuus.nl\/de\/produkt\/f-roche-a-lavalle\/#primaryimage"},"thumbnailUrl":"https:\/\/www.frankvannuus.nl\/wp-content\/uploads\/2022\/08\/F.-Roche-a-Lavalle-hoofdafb.jpg","datePublished":"2022-08-10T13:12:59+00:00","dateModified":"2023-01-23T15:36:29+00:00","description":"Diese franz\u00f6sische Laternenuhr, ein sogenannter 'Schafskopf', hat Gang- und Wecker. \u00dcber dem Zifferblatt ein wundersch\u00f6n gravierter Satarkopf. Top Zustand","breadcrumb":{"@id":"https:\/\/www.frankvannuus.nl\/de\/produkt\/f-roche-a-lavalle\/#breadcrumb"},"inLanguage":"de","potentialAction":[{"@type":"ReadAction","target":["https:\/\/www.frankvannuus.nl\/de\/produkt\/f-roche-a-lavalle\/"]}]},{"@type":"ImageObject","inLanguage":"de","@id":"https:\/\/www.frankvannuus.nl\/de\/produkt\/f-roche-a-lavalle\/#primaryimage","url":"https:\/\/www.frankvannuus.nl\/wp-content\/uploads\/2022\/08\/F.-Roche-a-Lavalle-hoofdafb.jpg","contentUrl":"https:\/\/www.frankvannuus.nl\/wp-content\/uploads\/2022\/08\/F.-Roche-a-Lavalle-hoofdafb.jpg","width":934,"height":933,"caption":"Deze Franse lantaarnklok,"},{"@type":"BreadcrumbList","@id":"https:\/\/www.frankvannuus.nl\/de\/produkt\/f-roche-a-lavalle\/#breadcrumb","itemListElement":[{"@type":"ListItem","position":1,"name":"Home","item":"https:\/\/www.frankvannuus.nl\/de\/home\/"},{"@type":"ListItem","position":2,"name":"Sammlung","item":"https:\/\/www.frankvannuus.nl\/de\/shop\/"},{"@type":"ListItem","position":3,"name":"F. Roche \u00e0 Lavalle"}]},{"@type":"WebSite","@id":"https:\/\/www.frankvannuus.nl\/de\/#website","url":"https:\/\/www.frankvannuus.nl\/de\/","name":"Frank van Nuus","description":"Uurwerkmaker &amp; Restaurateur","potentialAction":[{"@type":"SearchAction","target":{"@type":"EntryPoint","urlTemplate":"https:\/\/www.frankvannuus.nl\/de\/?s={search_term_string}"},"query-input":{"@type":"PropertyValueSpecification","valueRequired":true,"valueName":"search_term_string"}}],"inLanguage":"de"}]}},"_links":{"self":[{"href":"https:\/\/www.frankvannuus.nl\/de\/wp-json\/wp\/v2\/product\/2649","targetHints":{"allow":["GET"]}}],"collection":[{"href":"https:\/\/www.frankvannuus.nl\/de\/wp-json\/wp\/v2\/product"}],"about":[{"href":"https:\/\/www.frankvannuus.nl\/de\/wp-json\/wp\/v2\/types\/product"}],"replies":[{"embeddable":true,"href":"https:\/\/www.frankvannuus.nl\/de\/wp-json\/wp\/v2\/comments?post=2649"}],"wp:featuredmedia":[{"embeddable":true,"href":"https:\/\/www.frankvannuus.nl\/de\/wp-json\/wp\/v2\/media\/2502"}],"wp:attachment":[{"href":"https:\/\/www.frankvannuus.nl\/de\/wp-json\/wp\/v2\/media?parent=2649"}],"wp:term":[{"taxonomy":"product_brand","embeddable":true,"href":"https:\/\/www.frankvannuus.nl\/de\/wp-json\/wp\/v2\/product_brand?post=2649"},{"taxonomy":"product_cat","embeddable":true,"href":"https:\/\/www.frankvannuus.nl\/de\/wp-json\/wp\/v2\/product_cat?post=2649"},{"taxonomy":"product_tag","embeddable":true,"href":"https:\/\/www.frankvannuus.nl\/de\/wp-json\/wp\/v2\/product_tag?post=2649"}],"curies":[{"name":"wp","href":"https:\/\/api.w.org\/{rel}","templated":true}]}}