{"id":2645,"date":"2022-08-10T15:13:01","date_gmt":"2022-08-10T13:13:01","guid":{"rendered":"https:\/\/www.frankvannuus.nl\/product\/englische-kaminuhr-james-bayley\/"},"modified":"2023-01-23T16:34:04","modified_gmt":"2023-01-23T15:34:04","slug":"englische-kaminuhr-james-bayley-london","status":"publish","type":"product","link":"https:\/\/www.frankvannuus.nl\/de\/produkt\/englische-kaminuhr-james-bayley-london\/","title":{"rendered":"Englische Kaminuhr James Bayley"},"content":{"rendered":"<p><strong>Englische Kaminuhr, schwarz poliertes Geh\u00e4use mit floral gravierter R\u00fcckplatte mit gef\u00fclltem Obstkorb.<\/strong><\/p>\n<p>Schrank aus Eiche. Dieser ist ebonisiert. Uhrwerk mit Stundenschlagwerk auf Glocke. Das Zifferblatt hat eine wundersch\u00f6n eingelassene gravierte Signatur. Auf Wunsch kann das Schlagwerk (im Schlafzimmer) ausgeschaltet werden. Datum und Schlag\/kein Schlag-Funktion sind auf dem Zifferblatt sichtbar. Die Geh\u00e4uset\u00fcr hat einen vergoldeten Rahmen, der das Zifferblatt noch kraftvoller macht. Vergoldete Schrankbeine, Deckenornamente, Zinnen und Griff runden das Ganze ab.<\/p>\n","protected":false},"excerpt":{"rendered":"<p>Englische Kaminuhr, schwarz poliertes Geh\u00e4use mit floral gravierter R\u00fcckplatte mit<\/p>\n","protected":false},"featured_media":2484,"comment_status":"open","ping_status":"closed","template":"","meta":[],"product_brand":[],"product_cat":[274,283],"product_tag":[],"class_list":{"0":"post-2645","1":"product","2":"type-product","3":"status-publish","4":"has-post-thumbnail","6":"product_cat-sortiment","7":"product_cat-tishuhr","9":"first","10":"instock","11":"shipping-taxable","12":"product-type-simple"},"yoast_head":"<!-- This site is optimized with the Yoast SEO plugin v25.4 - https:\/\/yoast.com\/wordpress\/plugins\/seo\/ -->\n<title>Englische Kaminuhr James Bayley | Frank van Nuus<\/title>\n<meta name=\"description\" content=\"Englische Kaminuhr, schwarz poliertes Geh\u00e4use mit floral gravierter R\u00fcckplatte mit gef\u00fclltem Obstkorb. Sehr Sch\u00f6n gravierte Signatur. 1770\" \/>\n<meta name=\"robots\" content=\"index, follow, max-snippet:-1, max-image-preview:large, max-video-preview:-1\" \/>\n<link rel=\"canonical\" href=\"https:\/\/www.frankvannuus.nl\/de\/produkt\/englische-kaminuhr-james-bayley-london\/\" \/>\n<meta property=\"og:locale\" content=\"de_DE\" \/>\n<meta property=\"og:type\" content=\"article\" \/>\n<meta property=\"og:title\" content=\"Englische Kaminuhr James Bayley | Frank van Nuus\" \/>\n<meta property=\"og:description\" content=\"Englische Kaminuhr, schwarz poliertes Geh\u00e4use mit floral gravierter R\u00fcckplatte mit gef\u00fclltem Obstkorb. Sehr Sch\u00f6n gravierte Signatur. 1770\" \/>\n<meta property=\"og:url\" content=\"https:\/\/www.frankvannuus.nl\/de\/produkt\/englische-kaminuhr-james-bayley-london\/\" \/>\n<meta property=\"og:site_name\" content=\"Frank van Nuus\" \/>\n<meta property=\"article:modified_time\" content=\"2023-01-23T15:34:04+00:00\" \/>\n<meta property=\"og:image\" content=\"https:\/\/www.frankvannuus.nl\/wp-content\/uploads\/2022\/08\/James-Bayley-Engelse-tafelklok-hoofdafb.jpg\" \/>\n\t<meta property=\"og:image:width\" content=\"934\" \/>\n\t<meta property=\"og:image:height\" content=\"933\" \/>\n\t<meta property=\"og:image:type\" content=\"image\/jpeg\" \/>\n<meta name=\"twitter:card\" content=\"summary_large_image\" \/>\n<script type=\"application\/ld+json\" class=\"yoast-schema-graph\">{\"@context\":\"https:\/\/schema.org\",\"@graph\":[{\"@type\":\"WebPage\",\"@id\":\"https:\/\/www.frankvannuus.nl\/de\/produkt\/englische-kaminuhr-james-bayley-london\/\",\"url\":\"https:\/\/www.frankvannuus.nl\/de\/produkt\/englische-kaminuhr-james-bayley-london\/\",\"name\":\"Englische Kaminuhr James Bayley | Frank van Nuus\",\"isPartOf\":{\"@id\":\"https:\/\/www.frankvannuus.nl\/de\/#website\"},\"primaryImageOfPage\":{\"@id\":\"https:\/\/www.frankvannuus.nl\/de\/produkt\/englische-kaminuhr-james-bayley-london\/#primaryimage\"},\"image\":{\"@id\":\"https:\/\/www.frankvannuus.nl\/de\/produkt\/englische-kaminuhr-james-bayley-london\/#primaryimage\"},\"thumbnailUrl\":\"https:\/\/www.frankvannuus.nl\/wp-content\/uploads\/2022\/08\/James-Bayley-Engelse-tafelklok-hoofdafb.jpg\",\"datePublished\":\"2022-08-10T13:13:01+00:00\",\"dateModified\":\"2023-01-23T15:34:04+00:00\",\"description\":\"Englische Kaminuhr, schwarz poliertes Geh\u00e4use mit floral gravierter R\u00fcckplatte mit gef\u00fclltem Obstkorb. Sehr Sch\u00f6n gravierte Signatur. 1770\",\"breadcrumb\":{\"@id\":\"https:\/\/www.frankvannuus.nl\/de\/produkt\/englische-kaminuhr-james-bayley-london\/#breadcrumb\"},\"inLanguage\":\"de\",\"potentialAction\":[{\"@type\":\"ReadAction\",\"target\":[\"https:\/\/www.frankvannuus.nl\/de\/produkt\/englische-kaminuhr-james-bayley-london\/\"]}]},{\"@type\":\"ImageObject\",\"inLanguage\":\"de\",\"@id\":\"https:\/\/www.frankvannuus.nl\/de\/produkt\/englische-kaminuhr-james-bayley-london\/#primaryimage\",\"url\":\"https:\/\/www.frankvannuus.nl\/wp-content\/uploads\/2022\/08\/James-Bayley-Engelse-tafelklok-hoofdafb.jpg\",\"contentUrl\":\"https:\/\/www.frankvannuus.nl\/wp-content\/uploads\/2022\/08\/James-Bayley-Engelse-tafelklok-hoofdafb.jpg\",\"width\":934,\"height\":933,\"caption\":\"Engelse tafelklok James Bayley,\"},{\"@type\":\"BreadcrumbList\",\"@id\":\"https:\/\/www.frankvannuus.nl\/de\/produkt\/englische-kaminuhr-james-bayley-london\/#breadcrumb\",\"itemListElement\":[{\"@type\":\"ListItem\",\"position\":1,\"name\":\"Home\",\"item\":\"https:\/\/www.frankvannuus.nl\/de\/home\/\"},{\"@type\":\"ListItem\",\"position\":2,\"name\":\"Sammlung\",\"item\":\"https:\/\/www.frankvannuus.nl\/de\/shop\/\"},{\"@type\":\"ListItem\",\"position\":3,\"name\":\"Englische Kaminuhr James Bayley\"}]},{\"@type\":\"WebSite\",\"@id\":\"https:\/\/www.frankvannuus.nl\/de\/#website\",\"url\":\"https:\/\/www.frankvannuus.nl\/de\/\",\"name\":\"Frank van Nuus\",\"description\":\"Uurwerkmaker &amp; Restaurateur\",\"potentialAction\":[{\"@type\":\"SearchAction\",\"target\":{\"@type\":\"EntryPoint\",\"urlTemplate\":\"https:\/\/www.frankvannuus.nl\/de\/?s={search_term_string}\"},\"query-input\":{\"@type\":\"PropertyValueSpecification\",\"valueRequired\":true,\"valueName\":\"search_term_string\"}}],\"inLanguage\":\"de\"}]}<\/script>\n<!-- \/ Yoast SEO plugin. -->","yoast_head_json":{"title":"Englische Kaminuhr James Bayley | Frank van Nuus","description":"Englische Kaminuhr, schwarz poliertes Geh\u00e4use mit floral gravierter R\u00fcckplatte mit gef\u00fclltem Obstkorb. Sehr Sch\u00f6n gravierte Signatur. 1770","robots":{"index":"index","follow":"follow","max-snippet":"max-snippet:-1","max-image-preview":"max-image-preview:large","max-video-preview":"max-video-preview:-1"},"canonical":"https:\/\/www.frankvannuus.nl\/de\/produkt\/englische-kaminuhr-james-bayley-london\/","og_locale":"de_DE","og_type":"article","og_title":"Englische Kaminuhr James Bayley | Frank van Nuus","og_description":"Englische Kaminuhr, schwarz poliertes Geh\u00e4use mit floral gravierter R\u00fcckplatte mit gef\u00fclltem Obstkorb. Sehr Sch\u00f6n gravierte Signatur. 1770","og_url":"https:\/\/www.frankvannuus.nl\/de\/produkt\/englische-kaminuhr-james-bayley-london\/","og_site_name":"Frank van Nuus","article_modified_time":"2023-01-23T15:34:04+00:00","og_image":[{"width":934,"height":933,"url":"https:\/\/www.frankvannuus.nl\/wp-content\/uploads\/2022\/08\/James-Bayley-Engelse-tafelklok-hoofdafb.jpg","type":"image\/jpeg"}],"twitter_card":"summary_large_image","schema":{"@context":"https:\/\/schema.org","@graph":[{"@type":"WebPage","@id":"https:\/\/www.frankvannuus.nl\/de\/produkt\/englische-kaminuhr-james-bayley-london\/","url":"https:\/\/www.frankvannuus.nl\/de\/produkt\/englische-kaminuhr-james-bayley-london\/","name":"Englische Kaminuhr James Bayley | Frank van Nuus","isPartOf":{"@id":"https:\/\/www.frankvannuus.nl\/de\/#website"},"primaryImageOfPage":{"@id":"https:\/\/www.frankvannuus.nl\/de\/produkt\/englische-kaminuhr-james-bayley-london\/#primaryimage"},"image":{"@id":"https:\/\/www.frankvannuus.nl\/de\/produkt\/englische-kaminuhr-james-bayley-london\/#primaryimage"},"thumbnailUrl":"https:\/\/www.frankvannuus.nl\/wp-content\/uploads\/2022\/08\/James-Bayley-Engelse-tafelklok-hoofdafb.jpg","datePublished":"2022-08-10T13:13:01+00:00","dateModified":"2023-01-23T15:34:04+00:00","description":"Englische Kaminuhr, schwarz poliertes Geh\u00e4use mit floral gravierter R\u00fcckplatte mit gef\u00fclltem Obstkorb. Sehr Sch\u00f6n gravierte Signatur. 1770","breadcrumb":{"@id":"https:\/\/www.frankvannuus.nl\/de\/produkt\/englische-kaminuhr-james-bayley-london\/#breadcrumb"},"inLanguage":"de","potentialAction":[{"@type":"ReadAction","target":["https:\/\/www.frankvannuus.nl\/de\/produkt\/englische-kaminuhr-james-bayley-london\/"]}]},{"@type":"ImageObject","inLanguage":"de","@id":"https:\/\/www.frankvannuus.nl\/de\/produkt\/englische-kaminuhr-james-bayley-london\/#primaryimage","url":"https:\/\/www.frankvannuus.nl\/wp-content\/uploads\/2022\/08\/James-Bayley-Engelse-tafelklok-hoofdafb.jpg","contentUrl":"https:\/\/www.frankvannuus.nl\/wp-content\/uploads\/2022\/08\/James-Bayley-Engelse-tafelklok-hoofdafb.jpg","width":934,"height":933,"caption":"Engelse tafelklok James Bayley,"},{"@type":"BreadcrumbList","@id":"https:\/\/www.frankvannuus.nl\/de\/produkt\/englische-kaminuhr-james-bayley-london\/#breadcrumb","itemListElement":[{"@type":"ListItem","position":1,"name":"Home","item":"https:\/\/www.frankvannuus.nl\/de\/home\/"},{"@type":"ListItem","position":2,"name":"Sammlung","item":"https:\/\/www.frankvannuus.nl\/de\/shop\/"},{"@type":"ListItem","position":3,"name":"Englische Kaminuhr James Bayley"}]},{"@type":"WebSite","@id":"https:\/\/www.frankvannuus.nl\/de\/#website","url":"https:\/\/www.frankvannuus.nl\/de\/","name":"Frank van Nuus","description":"Uurwerkmaker &amp; Restaurateur","potentialAction":[{"@type":"SearchAction","target":{"@type":"EntryPoint","urlTemplate":"https:\/\/www.frankvannuus.nl\/de\/?s={search_term_string}"},"query-input":{"@type":"PropertyValueSpecification","valueRequired":true,"valueName":"search_term_string"}}],"inLanguage":"de"}]}},"_links":{"self":[{"href":"https:\/\/www.frankvannuus.nl\/de\/wp-json\/wp\/v2\/product\/2645","targetHints":{"allow":["GET"]}}],"collection":[{"href":"https:\/\/www.frankvannuus.nl\/de\/wp-json\/wp\/v2\/product"}],"about":[{"href":"https:\/\/www.frankvannuus.nl\/de\/wp-json\/wp\/v2\/types\/product"}],"replies":[{"embeddable":true,"href":"https:\/\/www.frankvannuus.nl\/de\/wp-json\/wp\/v2\/comments?post=2645"}],"wp:featuredmedia":[{"embeddable":true,"href":"https:\/\/www.frankvannuus.nl\/de\/wp-json\/wp\/v2\/media\/2484"}],"wp:attachment":[{"href":"https:\/\/www.frankvannuus.nl\/de\/wp-json\/wp\/v2\/media?parent=2645"}],"wp:term":[{"taxonomy":"product_brand","embeddable":true,"href":"https:\/\/www.frankvannuus.nl\/de\/wp-json\/wp\/v2\/product_brand?post=2645"},{"taxonomy":"product_cat","embeddable":true,"href":"https:\/\/www.frankvannuus.nl\/de\/wp-json\/wp\/v2\/product_cat?post=2645"},{"taxonomy":"product_tag","embeddable":true,"href":"https:\/\/www.frankvannuus.nl\/de\/wp-json\/wp\/v2\/product_tag?post=2645"}],"curies":[{"name":"wp","href":"https:\/\/api.w.org\/{rel}","templated":true}]}}