{"id":2635,"date":"2022-10-28T12:48:18","date_gmt":"2022-10-28T10:48:18","guid":{"rendered":"https:\/\/www.frankvannuus.nl\/product\/dirk-koster\/"},"modified":"2023-01-23T16:24:56","modified_gmt":"2023-01-23T15:24:56","slug":"dirk-koster","status":"publish","type":"product","link":"https:\/\/www.frankvannuus.nl\/de\/produkt\/dirk-koster\/","title":{"rendered":"Dirk Koster"},"content":{"rendered":"<p><strong>Bodenstanduhr mit Pagodenhaube, Uhrwerk Chronos, Tagesanzeige.<\/strong><\/p>\n<p>Typisches Beispiel f\u00fcr einen Amsterdamer von seiner besten Seite. Die Pagodenhaube, so elegant mit massiven Walnusskratzrahmen. Zifferblatt, Balken, Mond und Datumsscheibe sind in au\u00dfergew\u00f6hnlich hoher Qualit\u00e4t von Hand graviert. So akribisch fest und scharf. Dirk Koster reiste nach Haarlem f\u00fcr Gravuren h\u00f6chster Qualit\u00e4t. Dort war der beste Graveur. Schauen Sie genauer hin, vergleichen Sie und erleben Sie es selbst. Ein selten sch\u00f6nes Bild.<\/p>\n","protected":false},"excerpt":{"rendered":"<p>Bodenstanduhr mit Pagodenhaube, Uhrwerk Chronos, Tagesanzeige. Typisches Beispiel f\u00fcr einen<\/p>\n","protected":false},"featured_media":2443,"comment_status":"open","ping_status":"closed","template":"","meta":[],"product_brand":[],"product_cat":[275,274],"product_tag":[],"class_list":{"0":"post-2635","1":"product","2":"type-product","3":"status-publish","4":"has-post-thumbnail","6":"product_cat-bodenstanduhr-amsterdam","7":"product_cat-sortiment","9":"first","10":"instock","11":"shipping-taxable","12":"product-type-simple"},"yoast_head":"<!-- This site is optimized with the Yoast SEO plugin v25.4 - https:\/\/yoast.com\/wordpress\/plugins\/seo\/ -->\n<title>Standuhr mit Pagodenhaube, Dirk Koster | Frank van Nuus<\/title>\n<meta name=\"description\" content=\"Amsterdamer Bodenstanduhr mit Uhrwerk Chronis und Tagesanzeige. Zifferblatt ist in Haarlem handgraviert. Kratzrahmen aus massivem Nussbaumholz\" \/>\n<meta name=\"robots\" content=\"index, follow, max-snippet:-1, max-image-preview:large, max-video-preview:-1\" \/>\n<link rel=\"canonical\" href=\"https:\/\/www.frankvannuus.nl\/de\/produkt\/dirk-koster\/\" \/>\n<meta property=\"og:locale\" content=\"de_DE\" \/>\n<meta property=\"og:type\" content=\"article\" \/>\n<meta property=\"og:title\" content=\"Standuhr mit Pagodenhaube, Dirk Koster | Frank van Nuus\" \/>\n<meta property=\"og:description\" content=\"Amsterdamer Bodenstanduhr mit Uhrwerk Chronis und Tagesanzeige. Zifferblatt ist in Haarlem handgraviert. Kratzrahmen aus massivem Nussbaumholz\" \/>\n<meta property=\"og:url\" content=\"https:\/\/www.frankvannuus.nl\/de\/produkt\/dirk-koster\/\" \/>\n<meta property=\"og:site_name\" content=\"Frank van Nuus\" \/>\n<meta property=\"article:modified_time\" content=\"2023-01-23T15:24:56+00:00\" \/>\n<meta property=\"og:image\" content=\"https:\/\/www.frankvannuus.nl\/wp-content\/uploads\/2022\/10\/dirk-koster-hoofdafb-scaled.jpg\" \/>\n\t<meta property=\"og:image:width\" content=\"2560\" \/>\n\t<meta property=\"og:image:height\" content=\"2560\" \/>\n\t<meta property=\"og:image:type\" content=\"image\/jpeg\" \/>\n<meta name=\"twitter:card\" content=\"summary_large_image\" \/>\n<script type=\"application\/ld+json\" class=\"yoast-schema-graph\">{\"@context\":\"https:\/\/schema.org\",\"@graph\":[{\"@type\":\"WebPage\",\"@id\":\"https:\/\/www.frankvannuus.nl\/de\/produkt\/dirk-koster\/\",\"url\":\"https:\/\/www.frankvannuus.nl\/de\/produkt\/dirk-koster\/\",\"name\":\"Standuhr mit Pagodenhaube, Dirk Koster | Frank van Nuus\",\"isPartOf\":{\"@id\":\"https:\/\/www.frankvannuus.nl\/de\/#website\"},\"primaryImageOfPage\":{\"@id\":\"https:\/\/www.frankvannuus.nl\/de\/produkt\/dirk-koster\/#primaryimage\"},\"image\":{\"@id\":\"https:\/\/www.frankvannuus.nl\/de\/produkt\/dirk-koster\/#primaryimage\"},\"thumbnailUrl\":\"https:\/\/www.frankvannuus.nl\/wp-content\/uploads\/2022\/10\/dirk-koster-hoofdafb-scaled.jpg\",\"datePublished\":\"2022-10-28T10:48:18+00:00\",\"dateModified\":\"2023-01-23T15:24:56+00:00\",\"description\":\"Amsterdamer Bodenstanduhr mit Uhrwerk Chronis und Tagesanzeige. Zifferblatt ist in Haarlem handgraviert. Kratzrahmen aus massivem Nussbaumholz\",\"breadcrumb\":{\"@id\":\"https:\/\/www.frankvannuus.nl\/de\/produkt\/dirk-koster\/#breadcrumb\"},\"inLanguage\":\"de\",\"potentialAction\":[{\"@type\":\"ReadAction\",\"target\":[\"https:\/\/www.frankvannuus.nl\/de\/produkt\/dirk-koster\/\"]}]},{\"@type\":\"ImageObject\",\"inLanguage\":\"de\",\"@id\":\"https:\/\/www.frankvannuus.nl\/de\/produkt\/dirk-koster\/#primaryimage\",\"url\":\"https:\/\/www.frankvannuus.nl\/wp-content\/uploads\/2022\/10\/dirk-koster-hoofdafb-scaled.jpg\",\"contentUrl\":\"https:\/\/www.frankvannuus.nl\/wp-content\/uploads\/2022\/10\/dirk-koster-hoofdafb-scaled.jpg\",\"width\":2560,\"height\":2560,\"caption\":\"Amsterdams staand horloge,\"},{\"@type\":\"BreadcrumbList\",\"@id\":\"https:\/\/www.frankvannuus.nl\/de\/produkt\/dirk-koster\/#breadcrumb\",\"itemListElement\":[{\"@type\":\"ListItem\",\"position\":1,\"name\":\"Home\",\"item\":\"https:\/\/www.frankvannuus.nl\/de\/home\/\"},{\"@type\":\"ListItem\",\"position\":2,\"name\":\"Sammlung\",\"item\":\"https:\/\/www.frankvannuus.nl\/de\/shop\/\"},{\"@type\":\"ListItem\",\"position\":3,\"name\":\"Dirk Koster\"}]},{\"@type\":\"WebSite\",\"@id\":\"https:\/\/www.frankvannuus.nl\/de\/#website\",\"url\":\"https:\/\/www.frankvannuus.nl\/de\/\",\"name\":\"Frank van Nuus\",\"description\":\"Uurwerkmaker &amp; Restaurateur\",\"potentialAction\":[{\"@type\":\"SearchAction\",\"target\":{\"@type\":\"EntryPoint\",\"urlTemplate\":\"https:\/\/www.frankvannuus.nl\/de\/?s={search_term_string}\"},\"query-input\":{\"@type\":\"PropertyValueSpecification\",\"valueRequired\":true,\"valueName\":\"search_term_string\"}}],\"inLanguage\":\"de\"}]}<\/script>\n<!-- \/ Yoast SEO plugin. -->","yoast_head_json":{"title":"Standuhr mit Pagodenhaube, Dirk Koster | Frank van Nuus","description":"Amsterdamer Bodenstanduhr mit Uhrwerk Chronis und Tagesanzeige. Zifferblatt ist in Haarlem handgraviert. Kratzrahmen aus massivem Nussbaumholz","robots":{"index":"index","follow":"follow","max-snippet":"max-snippet:-1","max-image-preview":"max-image-preview:large","max-video-preview":"max-video-preview:-1"},"canonical":"https:\/\/www.frankvannuus.nl\/de\/produkt\/dirk-koster\/","og_locale":"de_DE","og_type":"article","og_title":"Standuhr mit Pagodenhaube, Dirk Koster | Frank van Nuus","og_description":"Amsterdamer Bodenstanduhr mit Uhrwerk Chronis und Tagesanzeige. Zifferblatt ist in Haarlem handgraviert. Kratzrahmen aus massivem Nussbaumholz","og_url":"https:\/\/www.frankvannuus.nl\/de\/produkt\/dirk-koster\/","og_site_name":"Frank van Nuus","article_modified_time":"2023-01-23T15:24:56+00:00","og_image":[{"width":2560,"height":2560,"url":"https:\/\/www.frankvannuus.nl\/wp-content\/uploads\/2022\/10\/dirk-koster-hoofdafb-scaled.jpg","type":"image\/jpeg"}],"twitter_card":"summary_large_image","schema":{"@context":"https:\/\/schema.org","@graph":[{"@type":"WebPage","@id":"https:\/\/www.frankvannuus.nl\/de\/produkt\/dirk-koster\/","url":"https:\/\/www.frankvannuus.nl\/de\/produkt\/dirk-koster\/","name":"Standuhr mit Pagodenhaube, Dirk Koster | Frank van Nuus","isPartOf":{"@id":"https:\/\/www.frankvannuus.nl\/de\/#website"},"primaryImageOfPage":{"@id":"https:\/\/www.frankvannuus.nl\/de\/produkt\/dirk-koster\/#primaryimage"},"image":{"@id":"https:\/\/www.frankvannuus.nl\/de\/produkt\/dirk-koster\/#primaryimage"},"thumbnailUrl":"https:\/\/www.frankvannuus.nl\/wp-content\/uploads\/2022\/10\/dirk-koster-hoofdafb-scaled.jpg","datePublished":"2022-10-28T10:48:18+00:00","dateModified":"2023-01-23T15:24:56+00:00","description":"Amsterdamer Bodenstanduhr mit Uhrwerk Chronis und Tagesanzeige. Zifferblatt ist in Haarlem handgraviert. Kratzrahmen aus massivem Nussbaumholz","breadcrumb":{"@id":"https:\/\/www.frankvannuus.nl\/de\/produkt\/dirk-koster\/#breadcrumb"},"inLanguage":"de","potentialAction":[{"@type":"ReadAction","target":["https:\/\/www.frankvannuus.nl\/de\/produkt\/dirk-koster\/"]}]},{"@type":"ImageObject","inLanguage":"de","@id":"https:\/\/www.frankvannuus.nl\/de\/produkt\/dirk-koster\/#primaryimage","url":"https:\/\/www.frankvannuus.nl\/wp-content\/uploads\/2022\/10\/dirk-koster-hoofdafb-scaled.jpg","contentUrl":"https:\/\/www.frankvannuus.nl\/wp-content\/uploads\/2022\/10\/dirk-koster-hoofdafb-scaled.jpg","width":2560,"height":2560,"caption":"Amsterdams staand horloge,"},{"@type":"BreadcrumbList","@id":"https:\/\/www.frankvannuus.nl\/de\/produkt\/dirk-koster\/#breadcrumb","itemListElement":[{"@type":"ListItem","position":1,"name":"Home","item":"https:\/\/www.frankvannuus.nl\/de\/home\/"},{"@type":"ListItem","position":2,"name":"Sammlung","item":"https:\/\/www.frankvannuus.nl\/de\/shop\/"},{"@type":"ListItem","position":3,"name":"Dirk Koster"}]},{"@type":"WebSite","@id":"https:\/\/www.frankvannuus.nl\/de\/#website","url":"https:\/\/www.frankvannuus.nl\/de\/","name":"Frank van Nuus","description":"Uurwerkmaker &amp; Restaurateur","potentialAction":[{"@type":"SearchAction","target":{"@type":"EntryPoint","urlTemplate":"https:\/\/www.frankvannuus.nl\/de\/?s={search_term_string}"},"query-input":{"@type":"PropertyValueSpecification","valueRequired":true,"valueName":"search_term_string"}}],"inLanguage":"de"}]}},"_links":{"self":[{"href":"https:\/\/www.frankvannuus.nl\/de\/wp-json\/wp\/v2\/product\/2635","targetHints":{"allow":["GET"]}}],"collection":[{"href":"https:\/\/www.frankvannuus.nl\/de\/wp-json\/wp\/v2\/product"}],"about":[{"href":"https:\/\/www.frankvannuus.nl\/de\/wp-json\/wp\/v2\/types\/product"}],"replies":[{"embeddable":true,"href":"https:\/\/www.frankvannuus.nl\/de\/wp-json\/wp\/v2\/comments?post=2635"}],"wp:featuredmedia":[{"embeddable":true,"href":"https:\/\/www.frankvannuus.nl\/de\/wp-json\/wp\/v2\/media\/2443"}],"wp:attachment":[{"href":"https:\/\/www.frankvannuus.nl\/de\/wp-json\/wp\/v2\/media?parent=2635"}],"wp:term":[{"taxonomy":"product_brand","embeddable":true,"href":"https:\/\/www.frankvannuus.nl\/de\/wp-json\/wp\/v2\/product_brand?post=2635"},{"taxonomy":"product_cat","embeddable":true,"href":"https:\/\/www.frankvannuus.nl\/de\/wp-json\/wp\/v2\/product_cat?post=2635"},{"taxonomy":"product_tag","embeddable":true,"href":"https:\/\/www.frankvannuus.nl\/de\/wp-json\/wp\/v2\/product_tag?post=2635"}],"curies":[{"name":"wp","href":"https:\/\/api.w.org\/{rel}","templated":true}]}}