{"id":2634,"date":"2022-10-28T12:54:34","date_gmt":"2022-10-28T10:54:34","guid":{"rendered":"https:\/\/www.frankvannuus.nl\/product\/johannes-van-brussel\/"},"modified":"2023-01-23T16:24:42","modified_gmt":"2023-01-23T15:24:42","slug":"amsterdams-staand-horloge-johannes-van-brussel-frank-van-nuus","status":"publish","type":"product","link":"https:\/\/www.frankvannuus.nl\/de\/produkt\/amsterdams-staand-horloge-johannes-van-brussel-frank-van-nuus\/","title":{"rendered":"Johannes van Brussel"},"content":{"rendered":"<p><strong>Speziell; Volles Halbstundenschlagwerk auf zwei Glocken mit Schlie\u00dfscheibe.<\/strong><\/p>\n<p>Palisander furniertes Eichengeh\u00e4use. Palisander furniertes Eichengeh\u00e4use. Sehr schwerer, sch\u00f6n ausgef\u00fchrter T\u00fcrverschluss. Haube selten original authentisch; nicht restauriert. Gedrehte S\u00e4ulen aus massivem Palisanderholz. Ein Lehrbuchbeispiel; schmal von unten. Ein Drittel von unten, am breitesten und dann oben verj\u00fcngt. Ach ja, das ist zu konzentrisch. Chapeau, Hut ab. Das kann derzeit niemand. Gleiches gilt f\u00fcr die Uhr; h\u00f6chste Pr\u00e4zision, volle Schlagzahl auf halbe (weiche Glocke) und volle Schlagzahl auf (schwere Glocke) und das mit Sperrscheibe. Sch\u00f6nes St\u00fcck Arbeit. Man kann sagen, dass Jan van Brussel einer der Gr\u00fcnder oder der Gr\u00fcnder der etwas sp\u00e4ter in gutem Niederl\u00e4ndisch ist! hie\u00df: Dutch Striking.<\/p>\n","protected":false},"excerpt":{"rendered":"<p>Speziell; Volles Halbstundenschlagwerk auf zwei Glocken mit Schlie\u00dfscheibe. Palisander furniertes<\/p>\n","protected":false},"featured_media":2446,"comment_status":"open","ping_status":"closed","template":"","meta":[],"product_brand":[],"product_cat":[275,274],"product_tag":[],"class_list":{"0":"post-2634","1":"product","2":"type-product","3":"status-publish","4":"has-post-thumbnail","6":"product_cat-bodenstanduhr-amsterdam","7":"product_cat-sortiment","9":"first","10":"instock","11":"shipping-taxable","12":"product-type-simple"},"yoast_head":"<!-- This site is optimized with the Yoast SEO plugin v25.4 - https:\/\/yoast.com\/wordpress\/plugins\/seo\/ -->\n<title>Bodenstanduhr Amsterdam, Johannes van Brussel | Frank van Nuus<\/title>\n<meta name=\"description\" content=\"Besondere Standuhr mit Halbstundenschlagwerk auf zwei Glocken. Palisanderfurnier auf Eiche. Konzentrischer Schrank, Basis von Dutch Striking. 1710\" \/>\n<meta name=\"robots\" content=\"index, follow, max-snippet:-1, max-image-preview:large, max-video-preview:-1\" \/>\n<link rel=\"canonical\" href=\"https:\/\/www.frankvannuus.nl\/de\/produkt\/amsterdams-staand-horloge-johannes-van-brussel-frank-van-nuus\/\" \/>\n<meta property=\"og:locale\" content=\"de_DE\" \/>\n<meta property=\"og:type\" content=\"article\" \/>\n<meta property=\"og:title\" content=\"Bodenstanduhr Amsterdam, Johannes van Brussel | Frank van Nuus\" \/>\n<meta property=\"og:description\" content=\"Besondere Standuhr mit Halbstundenschlagwerk auf zwei Glocken. Palisanderfurnier auf Eiche. Konzentrischer Schrank, Basis von Dutch Striking. 1710\" \/>\n<meta property=\"og:url\" content=\"https:\/\/www.frankvannuus.nl\/de\/produkt\/amsterdams-staand-horloge-johannes-van-brussel-frank-van-nuus\/\" \/>\n<meta property=\"og:site_name\" content=\"Frank van Nuus\" \/>\n<meta property=\"article:modified_time\" content=\"2023-01-23T15:24:42+00:00\" \/>\n<meta property=\"og:image\" content=\"https:\/\/www.frankvannuus.nl\/wp-content\/uploads\/2022\/10\/Johannes-van-B-04-hoofdafb-scaled.jpg\" \/>\n\t<meta property=\"og:image:width\" content=\"2560\" \/>\n\t<meta property=\"og:image:height\" content=\"2560\" \/>\n\t<meta property=\"og:image:type\" content=\"image\/jpeg\" \/>\n<meta name=\"twitter:card\" content=\"summary_large_image\" \/>\n<meta name=\"twitter:label1\" content=\"Gesch\u00e4tzte Lesezeit\" \/>\n\t<meta name=\"twitter:data1\" content=\"1\u00a0Minute\" \/>\n<script type=\"application\/ld+json\" class=\"yoast-schema-graph\">{\"@context\":\"https:\/\/schema.org\",\"@graph\":[{\"@type\":\"WebPage\",\"@id\":\"https:\/\/www.frankvannuus.nl\/de\/produkt\/amsterdams-staand-horloge-johannes-van-brussel-frank-van-nuus\/\",\"url\":\"https:\/\/www.frankvannuus.nl\/de\/produkt\/amsterdams-staand-horloge-johannes-van-brussel-frank-van-nuus\/\",\"name\":\"Bodenstanduhr Amsterdam, Johannes van Brussel | Frank van Nuus\",\"isPartOf\":{\"@id\":\"https:\/\/www.frankvannuus.nl\/de\/#website\"},\"primaryImageOfPage\":{\"@id\":\"https:\/\/www.frankvannuus.nl\/de\/produkt\/amsterdams-staand-horloge-johannes-van-brussel-frank-van-nuus\/#primaryimage\"},\"image\":{\"@id\":\"https:\/\/www.frankvannuus.nl\/de\/produkt\/amsterdams-staand-horloge-johannes-van-brussel-frank-van-nuus\/#primaryimage\"},\"thumbnailUrl\":\"https:\/\/www.frankvannuus.nl\/wp-content\/uploads\/2022\/10\/Johannes-van-B-04-hoofdafb-scaled.jpg\",\"datePublished\":\"2022-10-28T10:54:34+00:00\",\"dateModified\":\"2023-01-23T15:24:42+00:00\",\"description\":\"Besondere Standuhr mit Halbstundenschlagwerk auf zwei Glocken. Palisanderfurnier auf Eiche. Konzentrischer Schrank, Basis von Dutch Striking. 1710\",\"breadcrumb\":{\"@id\":\"https:\/\/www.frankvannuus.nl\/de\/produkt\/amsterdams-staand-horloge-johannes-van-brussel-frank-van-nuus\/#breadcrumb\"},\"inLanguage\":\"de\",\"potentialAction\":[{\"@type\":\"ReadAction\",\"target\":[\"https:\/\/www.frankvannuus.nl\/de\/produkt\/amsterdams-staand-horloge-johannes-van-brussel-frank-van-nuus\/\"]}]},{\"@type\":\"ImageObject\",\"inLanguage\":\"de\",\"@id\":\"https:\/\/www.frankvannuus.nl\/de\/produkt\/amsterdams-staand-horloge-johannes-van-brussel-frank-van-nuus\/#primaryimage\",\"url\":\"https:\/\/www.frankvannuus.nl\/wp-content\/uploads\/2022\/10\/Johannes-van-B-04-hoofdafb-scaled.jpg\",\"contentUrl\":\"https:\/\/www.frankvannuus.nl\/wp-content\/uploads\/2022\/10\/Johannes-van-B-04-hoofdafb-scaled.jpg\",\"width\":2560,\"height\":2560,\"caption\":\"Amsterdams staand horologe Johannes van Brussel met 2 bellen\"},{\"@type\":\"BreadcrumbList\",\"@id\":\"https:\/\/www.frankvannuus.nl\/de\/produkt\/amsterdams-staand-horloge-johannes-van-brussel-frank-van-nuus\/#breadcrumb\",\"itemListElement\":[{\"@type\":\"ListItem\",\"position\":1,\"name\":\"Home\",\"item\":\"https:\/\/www.frankvannuus.nl\/de\/home\/\"},{\"@type\":\"ListItem\",\"position\":2,\"name\":\"Sammlung\",\"item\":\"https:\/\/www.frankvannuus.nl\/de\/shop\/\"},{\"@type\":\"ListItem\",\"position\":3,\"name\":\"Johannes van Brussel\"}]},{\"@type\":\"WebSite\",\"@id\":\"https:\/\/www.frankvannuus.nl\/de\/#website\",\"url\":\"https:\/\/www.frankvannuus.nl\/de\/\",\"name\":\"Frank van Nuus\",\"description\":\"Uurwerkmaker &amp; Restaurateur\",\"potentialAction\":[{\"@type\":\"SearchAction\",\"target\":{\"@type\":\"EntryPoint\",\"urlTemplate\":\"https:\/\/www.frankvannuus.nl\/de\/?s={search_term_string}\"},\"query-input\":{\"@type\":\"PropertyValueSpecification\",\"valueRequired\":true,\"valueName\":\"search_term_string\"}}],\"inLanguage\":\"de\"}]}<\/script>\n<!-- \/ Yoast SEO plugin. -->","yoast_head_json":{"title":"Bodenstanduhr Amsterdam, Johannes van Brussel | Frank van Nuus","description":"Besondere Standuhr mit Halbstundenschlagwerk auf zwei Glocken. Palisanderfurnier auf Eiche. Konzentrischer Schrank, Basis von Dutch Striking. 1710","robots":{"index":"index","follow":"follow","max-snippet":"max-snippet:-1","max-image-preview":"max-image-preview:large","max-video-preview":"max-video-preview:-1"},"canonical":"https:\/\/www.frankvannuus.nl\/de\/produkt\/amsterdams-staand-horloge-johannes-van-brussel-frank-van-nuus\/","og_locale":"de_DE","og_type":"article","og_title":"Bodenstanduhr Amsterdam, Johannes van Brussel | Frank van Nuus","og_description":"Besondere Standuhr mit Halbstundenschlagwerk auf zwei Glocken. Palisanderfurnier auf Eiche. Konzentrischer Schrank, Basis von Dutch Striking. 1710","og_url":"https:\/\/www.frankvannuus.nl\/de\/produkt\/amsterdams-staand-horloge-johannes-van-brussel-frank-van-nuus\/","og_site_name":"Frank van Nuus","article_modified_time":"2023-01-23T15:24:42+00:00","og_image":[{"width":2560,"height":2560,"url":"https:\/\/www.frankvannuus.nl\/wp-content\/uploads\/2022\/10\/Johannes-van-B-04-hoofdafb-scaled.jpg","type":"image\/jpeg"}],"twitter_card":"summary_large_image","twitter_misc":{"Gesch\u00e4tzte Lesezeit":"1\u00a0Minute"},"schema":{"@context":"https:\/\/schema.org","@graph":[{"@type":"WebPage","@id":"https:\/\/www.frankvannuus.nl\/de\/produkt\/amsterdams-staand-horloge-johannes-van-brussel-frank-van-nuus\/","url":"https:\/\/www.frankvannuus.nl\/de\/produkt\/amsterdams-staand-horloge-johannes-van-brussel-frank-van-nuus\/","name":"Bodenstanduhr Amsterdam, Johannes van Brussel | Frank van Nuus","isPartOf":{"@id":"https:\/\/www.frankvannuus.nl\/de\/#website"},"primaryImageOfPage":{"@id":"https:\/\/www.frankvannuus.nl\/de\/produkt\/amsterdams-staand-horloge-johannes-van-brussel-frank-van-nuus\/#primaryimage"},"image":{"@id":"https:\/\/www.frankvannuus.nl\/de\/produkt\/amsterdams-staand-horloge-johannes-van-brussel-frank-van-nuus\/#primaryimage"},"thumbnailUrl":"https:\/\/www.frankvannuus.nl\/wp-content\/uploads\/2022\/10\/Johannes-van-B-04-hoofdafb-scaled.jpg","datePublished":"2022-10-28T10:54:34+00:00","dateModified":"2023-01-23T15:24:42+00:00","description":"Besondere Standuhr mit Halbstundenschlagwerk auf zwei Glocken. Palisanderfurnier auf Eiche. Konzentrischer Schrank, Basis von Dutch Striking. 1710","breadcrumb":{"@id":"https:\/\/www.frankvannuus.nl\/de\/produkt\/amsterdams-staand-horloge-johannes-van-brussel-frank-van-nuus\/#breadcrumb"},"inLanguage":"de","potentialAction":[{"@type":"ReadAction","target":["https:\/\/www.frankvannuus.nl\/de\/produkt\/amsterdams-staand-horloge-johannes-van-brussel-frank-van-nuus\/"]}]},{"@type":"ImageObject","inLanguage":"de","@id":"https:\/\/www.frankvannuus.nl\/de\/produkt\/amsterdams-staand-horloge-johannes-van-brussel-frank-van-nuus\/#primaryimage","url":"https:\/\/www.frankvannuus.nl\/wp-content\/uploads\/2022\/10\/Johannes-van-B-04-hoofdafb-scaled.jpg","contentUrl":"https:\/\/www.frankvannuus.nl\/wp-content\/uploads\/2022\/10\/Johannes-van-B-04-hoofdafb-scaled.jpg","width":2560,"height":2560,"caption":"Amsterdams staand horologe Johannes van Brussel met 2 bellen"},{"@type":"BreadcrumbList","@id":"https:\/\/www.frankvannuus.nl\/de\/produkt\/amsterdams-staand-horloge-johannes-van-brussel-frank-van-nuus\/#breadcrumb","itemListElement":[{"@type":"ListItem","position":1,"name":"Home","item":"https:\/\/www.frankvannuus.nl\/de\/home\/"},{"@type":"ListItem","position":2,"name":"Sammlung","item":"https:\/\/www.frankvannuus.nl\/de\/shop\/"},{"@type":"ListItem","position":3,"name":"Johannes van Brussel"}]},{"@type":"WebSite","@id":"https:\/\/www.frankvannuus.nl\/de\/#website","url":"https:\/\/www.frankvannuus.nl\/de\/","name":"Frank van Nuus","description":"Uurwerkmaker &amp; Restaurateur","potentialAction":[{"@type":"SearchAction","target":{"@type":"EntryPoint","urlTemplate":"https:\/\/www.frankvannuus.nl\/de\/?s={search_term_string}"},"query-input":{"@type":"PropertyValueSpecification","valueRequired":true,"valueName":"search_term_string"}}],"inLanguage":"de"}]}},"_links":{"self":[{"href":"https:\/\/www.frankvannuus.nl\/de\/wp-json\/wp\/v2\/product\/2634","targetHints":{"allow":["GET"]}}],"collection":[{"href":"https:\/\/www.frankvannuus.nl\/de\/wp-json\/wp\/v2\/product"}],"about":[{"href":"https:\/\/www.frankvannuus.nl\/de\/wp-json\/wp\/v2\/types\/product"}],"replies":[{"embeddable":true,"href":"https:\/\/www.frankvannuus.nl\/de\/wp-json\/wp\/v2\/comments?post=2634"}],"wp:featuredmedia":[{"embeddable":true,"href":"https:\/\/www.frankvannuus.nl\/de\/wp-json\/wp\/v2\/media\/2446"}],"wp:attachment":[{"href":"https:\/\/www.frankvannuus.nl\/de\/wp-json\/wp\/v2\/media?parent=2634"}],"wp:term":[{"taxonomy":"product_brand","embeddable":true,"href":"https:\/\/www.frankvannuus.nl\/de\/wp-json\/wp\/v2\/product_brand?post=2634"},{"taxonomy":"product_cat","embeddable":true,"href":"https:\/\/www.frankvannuus.nl\/de\/wp-json\/wp\/v2\/product_cat?post=2634"},{"taxonomy":"product_tag","embeddable":true,"href":"https:\/\/www.frankvannuus.nl\/de\/wp-json\/wp\/v2\/product_tag?post=2634"}],"curies":[{"name":"wp","href":"https:\/\/api.w.org\/{rel}","templated":true}]}}