{"id":2632,"date":"2022-10-28T16:21:13","date_gmt":"2022-10-28T14:21:13","guid":{"rendered":"https:\/\/www.frankvannuus.nl\/product\/koenraad-heck\/"},"modified":"2023-01-23T16:20:36","modified_gmt":"2023-01-23T15:20:36","slug":"koenraad-heck","status":"publish","type":"product","link":"https:\/\/www.frankvannuus.nl\/de\/produkt\/koenraad-heck\/","title":{"rendered":"Koenraad Heck"},"content":{"rendered":"<p><strong>Amsterdamer Bodenstanduhr mit Doppelschlagwerk auf Schlie\u00dfscheibe. Weckerfunktion<\/strong><\/p>\n<p>Makelloser Eichenschrank, furnierter schwarzer Nussbaum mit auf Gehrung ges\u00e4gtem Bandmotiv. Die Schrankt\u00fcr hat ein rundes gewundenes Fenster aus massivem Nussbaumholz. Wochenwerk mit fr\u00fchem Doppelschlagwerk auf Schlie\u00dfscheibe. Quadratisch ist 11 Amsterdamer-Daumen, Zifferblatt mit floraler Randgravur. Sehr schwere, sch\u00f6n gemei\u00dfelte vergoldete und br\u00fcnierte Eckst\u00fccke mit dem Bild; Kr\u00f6nung Queen Anne 1702<\/p>\n","protected":false},"excerpt":{"rendered":"<p>Amsterdamer Bodenstanduhr mit Doppelschlagwerk auf Schlie\u00dfscheibe. Weckerfunktion Makelloser Eichenschrank, furnierter<\/p>\n","protected":false},"featured_media":2455,"comment_status":"open","ping_status":"closed","template":"","meta":[],"product_brand":[],"product_cat":[275,274],"product_tag":[],"class_list":{"0":"post-2632","1":"product","2":"type-product","3":"status-publish","4":"has-post-thumbnail","6":"product_cat-bodenstanduhr-amsterdam","7":"product_cat-sortiment","9":"first","10":"instock","11":"shipping-taxable","12":"product-type-simple"},"yoast_head":"<!-- This site is optimized with the Yoast SEO plugin v25.4 - https:\/\/yoast.com\/wordpress\/plugins\/seo\/ -->\n<title>Amsterdamer Bodenstanduhr, Koenraad Heck | Frank van Nuus<\/title>\n<meta name=\"description\" content=\"Standuhr mit Doppelschlagwerk auf Schlie\u00dfscheibe und Weckfunktion. Eichenschrank mit geschw\u00e4rztem Walnussfurnier, makellos. Stil Lodewijl XIV, 1705.\" \/>\n<meta name=\"robots\" content=\"index, follow, max-snippet:-1, max-image-preview:large, max-video-preview:-1\" \/>\n<link rel=\"canonical\" href=\"https:\/\/www.frankvannuus.nl\/de\/produkt\/koenraad-heck\/\" \/>\n<meta property=\"og:locale\" content=\"de_DE\" \/>\n<meta property=\"og:type\" content=\"article\" \/>\n<meta property=\"og:title\" content=\"Amsterdamer Bodenstanduhr, Koenraad Heck | Frank van Nuus\" \/>\n<meta property=\"og:description\" content=\"Standuhr mit Doppelschlagwerk auf Schlie\u00dfscheibe und Weckfunktion. Eichenschrank mit geschw\u00e4rztem Walnussfurnier, makellos. Stil Lodewijl XIV, 1705.\" \/>\n<meta property=\"og:url\" content=\"https:\/\/www.frankvannuus.nl\/de\/produkt\/koenraad-heck\/\" \/>\n<meta property=\"og:site_name\" content=\"Frank van Nuus\" \/>\n<meta property=\"article:modified_time\" content=\"2023-01-23T15:20:36+00:00\" \/>\n<meta property=\"og:image\" content=\"https:\/\/www.frankvannuus.nl\/wp-content\/uploads\/2022\/10\/koenraad-heck-02-hoofdafb-scaled.jpg\" \/>\n\t<meta property=\"og:image:width\" content=\"2560\" \/>\n\t<meta property=\"og:image:height\" content=\"2560\" \/>\n\t<meta property=\"og:image:type\" content=\"image\/jpeg\" \/>\n<meta name=\"twitter:card\" content=\"summary_large_image\" \/>\n<script type=\"application\/ld+json\" class=\"yoast-schema-graph\">{\"@context\":\"https:\/\/schema.org\",\"@graph\":[{\"@type\":\"WebPage\",\"@id\":\"https:\/\/www.frankvannuus.nl\/de\/produkt\/koenraad-heck\/\",\"url\":\"https:\/\/www.frankvannuus.nl\/de\/produkt\/koenraad-heck\/\",\"name\":\"Amsterdamer Bodenstanduhr, Koenraad Heck | Frank van Nuus\",\"isPartOf\":{\"@id\":\"https:\/\/www.frankvannuus.nl\/de\/#website\"},\"primaryImageOfPage\":{\"@id\":\"https:\/\/www.frankvannuus.nl\/de\/produkt\/koenraad-heck\/#primaryimage\"},\"image\":{\"@id\":\"https:\/\/www.frankvannuus.nl\/de\/produkt\/koenraad-heck\/#primaryimage\"},\"thumbnailUrl\":\"https:\/\/www.frankvannuus.nl\/wp-content\/uploads\/2022\/10\/koenraad-heck-02-hoofdafb-scaled.jpg\",\"datePublished\":\"2022-10-28T14:21:13+00:00\",\"dateModified\":\"2023-01-23T15:20:36+00:00\",\"description\":\"Standuhr mit Doppelschlagwerk auf Schlie\u00dfscheibe und Weckfunktion. Eichenschrank mit geschw\u00e4rztem Walnussfurnier, makellos. Stil Lodewijl XIV, 1705.\",\"breadcrumb\":{\"@id\":\"https:\/\/www.frankvannuus.nl\/de\/produkt\/koenraad-heck\/#breadcrumb\"},\"inLanguage\":\"de\",\"potentialAction\":[{\"@type\":\"ReadAction\",\"target\":[\"https:\/\/www.frankvannuus.nl\/de\/produkt\/koenraad-heck\/\"]}]},{\"@type\":\"ImageObject\",\"inLanguage\":\"de\",\"@id\":\"https:\/\/www.frankvannuus.nl\/de\/produkt\/koenraad-heck\/#primaryimage\",\"url\":\"https:\/\/www.frankvannuus.nl\/wp-content\/uploads\/2022\/10\/koenraad-heck-02-hoofdafb-scaled.jpg\",\"contentUrl\":\"https:\/\/www.frankvannuus.nl\/wp-content\/uploads\/2022\/10\/koenraad-heck-02-hoofdafb-scaled.jpg\",\"width\":2560,\"height\":2560,\"caption\":\"Amsterdams staand horloge, koenraad Heck, met dubbel slagwerk op sluitschijf. Wekkerfunctie\"},{\"@type\":\"BreadcrumbList\",\"@id\":\"https:\/\/www.frankvannuus.nl\/de\/produkt\/koenraad-heck\/#breadcrumb\",\"itemListElement\":[{\"@type\":\"ListItem\",\"position\":1,\"name\":\"Home\",\"item\":\"https:\/\/www.frankvannuus.nl\/de\/home\/\"},{\"@type\":\"ListItem\",\"position\":2,\"name\":\"Sammlung\",\"item\":\"https:\/\/www.frankvannuus.nl\/de\/shop\/\"},{\"@type\":\"ListItem\",\"position\":3,\"name\":\"Koenraad Heck\"}]},{\"@type\":\"WebSite\",\"@id\":\"https:\/\/www.frankvannuus.nl\/de\/#website\",\"url\":\"https:\/\/www.frankvannuus.nl\/de\/\",\"name\":\"Frank van Nuus\",\"description\":\"Uurwerkmaker &amp; Restaurateur\",\"potentialAction\":[{\"@type\":\"SearchAction\",\"target\":{\"@type\":\"EntryPoint\",\"urlTemplate\":\"https:\/\/www.frankvannuus.nl\/de\/?s={search_term_string}\"},\"query-input\":{\"@type\":\"PropertyValueSpecification\",\"valueRequired\":true,\"valueName\":\"search_term_string\"}}],\"inLanguage\":\"de\"}]}<\/script>\n<!-- \/ Yoast SEO plugin. -->","yoast_head_json":{"title":"Amsterdamer Bodenstanduhr, Koenraad Heck | Frank van Nuus","description":"Standuhr mit Doppelschlagwerk auf Schlie\u00dfscheibe und Weckfunktion. Eichenschrank mit geschw\u00e4rztem Walnussfurnier, makellos. Stil Lodewijl XIV, 1705.","robots":{"index":"index","follow":"follow","max-snippet":"max-snippet:-1","max-image-preview":"max-image-preview:large","max-video-preview":"max-video-preview:-1"},"canonical":"https:\/\/www.frankvannuus.nl\/de\/produkt\/koenraad-heck\/","og_locale":"de_DE","og_type":"article","og_title":"Amsterdamer Bodenstanduhr, Koenraad Heck | Frank van Nuus","og_description":"Standuhr mit Doppelschlagwerk auf Schlie\u00dfscheibe und Weckfunktion. Eichenschrank mit geschw\u00e4rztem Walnussfurnier, makellos. Stil Lodewijl XIV, 1705.","og_url":"https:\/\/www.frankvannuus.nl\/de\/produkt\/koenraad-heck\/","og_site_name":"Frank van Nuus","article_modified_time":"2023-01-23T15:20:36+00:00","og_image":[{"width":2560,"height":2560,"url":"https:\/\/www.frankvannuus.nl\/wp-content\/uploads\/2022\/10\/koenraad-heck-02-hoofdafb-scaled.jpg","type":"image\/jpeg"}],"twitter_card":"summary_large_image","schema":{"@context":"https:\/\/schema.org","@graph":[{"@type":"WebPage","@id":"https:\/\/www.frankvannuus.nl\/de\/produkt\/koenraad-heck\/","url":"https:\/\/www.frankvannuus.nl\/de\/produkt\/koenraad-heck\/","name":"Amsterdamer Bodenstanduhr, Koenraad Heck | Frank van Nuus","isPartOf":{"@id":"https:\/\/www.frankvannuus.nl\/de\/#website"},"primaryImageOfPage":{"@id":"https:\/\/www.frankvannuus.nl\/de\/produkt\/koenraad-heck\/#primaryimage"},"image":{"@id":"https:\/\/www.frankvannuus.nl\/de\/produkt\/koenraad-heck\/#primaryimage"},"thumbnailUrl":"https:\/\/www.frankvannuus.nl\/wp-content\/uploads\/2022\/10\/koenraad-heck-02-hoofdafb-scaled.jpg","datePublished":"2022-10-28T14:21:13+00:00","dateModified":"2023-01-23T15:20:36+00:00","description":"Standuhr mit Doppelschlagwerk auf Schlie\u00dfscheibe und Weckfunktion. Eichenschrank mit geschw\u00e4rztem Walnussfurnier, makellos. Stil Lodewijl XIV, 1705.","breadcrumb":{"@id":"https:\/\/www.frankvannuus.nl\/de\/produkt\/koenraad-heck\/#breadcrumb"},"inLanguage":"de","potentialAction":[{"@type":"ReadAction","target":["https:\/\/www.frankvannuus.nl\/de\/produkt\/koenraad-heck\/"]}]},{"@type":"ImageObject","inLanguage":"de","@id":"https:\/\/www.frankvannuus.nl\/de\/produkt\/koenraad-heck\/#primaryimage","url":"https:\/\/www.frankvannuus.nl\/wp-content\/uploads\/2022\/10\/koenraad-heck-02-hoofdafb-scaled.jpg","contentUrl":"https:\/\/www.frankvannuus.nl\/wp-content\/uploads\/2022\/10\/koenraad-heck-02-hoofdafb-scaled.jpg","width":2560,"height":2560,"caption":"Amsterdams staand horloge, koenraad Heck, met dubbel slagwerk op sluitschijf. Wekkerfunctie"},{"@type":"BreadcrumbList","@id":"https:\/\/www.frankvannuus.nl\/de\/produkt\/koenraad-heck\/#breadcrumb","itemListElement":[{"@type":"ListItem","position":1,"name":"Home","item":"https:\/\/www.frankvannuus.nl\/de\/home\/"},{"@type":"ListItem","position":2,"name":"Sammlung","item":"https:\/\/www.frankvannuus.nl\/de\/shop\/"},{"@type":"ListItem","position":3,"name":"Koenraad Heck"}]},{"@type":"WebSite","@id":"https:\/\/www.frankvannuus.nl\/de\/#website","url":"https:\/\/www.frankvannuus.nl\/de\/","name":"Frank van Nuus","description":"Uurwerkmaker &amp; Restaurateur","potentialAction":[{"@type":"SearchAction","target":{"@type":"EntryPoint","urlTemplate":"https:\/\/www.frankvannuus.nl\/de\/?s={search_term_string}"},"query-input":{"@type":"PropertyValueSpecification","valueRequired":true,"valueName":"search_term_string"}}],"inLanguage":"de"}]}},"_links":{"self":[{"href":"https:\/\/www.frankvannuus.nl\/de\/wp-json\/wp\/v2\/product\/2632","targetHints":{"allow":["GET"]}}],"collection":[{"href":"https:\/\/www.frankvannuus.nl\/de\/wp-json\/wp\/v2\/product"}],"about":[{"href":"https:\/\/www.frankvannuus.nl\/de\/wp-json\/wp\/v2\/types\/product"}],"replies":[{"embeddable":true,"href":"https:\/\/www.frankvannuus.nl\/de\/wp-json\/wp\/v2\/comments?post=2632"}],"wp:featuredmedia":[{"embeddable":true,"href":"https:\/\/www.frankvannuus.nl\/de\/wp-json\/wp\/v2\/media\/2455"}],"wp:attachment":[{"href":"https:\/\/www.frankvannuus.nl\/de\/wp-json\/wp\/v2\/media?parent=2632"}],"wp:term":[{"taxonomy":"product_brand","embeddable":true,"href":"https:\/\/www.frankvannuus.nl\/de\/wp-json\/wp\/v2\/product_brand?post=2632"},{"taxonomy":"product_cat","embeddable":true,"href":"https:\/\/www.frankvannuus.nl\/de\/wp-json\/wp\/v2\/product_cat?post=2632"},{"taxonomy":"product_tag","embeddable":true,"href":"https:\/\/www.frankvannuus.nl\/de\/wp-json\/wp\/v2\/product_tag?post=2632"}],"curies":[{"name":"wp","href":"https:\/\/api.w.org\/{rel}","templated":true}]}}