{"id":2631,"date":"2022-10-28T16:25:51","date_gmt":"2022-10-28T14:25:51","guid":{"rendered":"https:\/\/www.frankvannuus.nl\/product\/nicolaas-weylandt\/"},"modified":"2023-01-23T16:23:30","modified_gmt":"2023-01-23T15:23:30","slug":"nicolaas-weylandt","status":"publish","type":"product","link":"https:\/\/www.frankvannuus.nl\/de\/produkt\/nicolaas-weylandt\/","title":{"rendered":"Nicolaas Weylandt"},"content":{"rendered":"<p><strong>Amsterdamer Bodenstanduhr mit Glockenspiel. 10 Glocken, 17 H\u00e4mmer. Auswahl aus vier verschiedenen Melodien. <\/strong><\/p>\n<p>Selten zeigen die Quartiere auch eine Musikstrophe. Alles ist auf ein und derselben Rolle aufgelistet. Geh\u00e4use furniert mit sch\u00f6nstem gespiegelten Wurzelholz. Schneidst\u00fcck T\u00fcr und Haube deckungsgleich. Ich habe in 40 Jahren noch nie eine h\u00f6here Holzschnitzqualit\u00e4t als bei diesem Amsterdammer gesehen. Vollst\u00e4ndiges Halbstundenschlagwerk auf zwei Glocken, Schlag\/Nicht-Schlag-Funktion. Auswahl aus vier Melodien. Zifferblatt mit Datumsanzeige, Mondphase und originaler Ossa-Sepia-Zifferblattverzierung. Diese Dekorationstechnik ist sehr aufwendig und charakteristisch f\u00fcr diesen kurzen Zeitraum.<\/p>\n","protected":false},"excerpt":{"rendered":"<p>Amsterdamer Bodenstanduhr mit Glockenspiel. 10 Glocken, 17 H\u00e4mmer. Auswahl aus<\/p>\n","protected":false},"featured_media":2458,"comment_status":"open","ping_status":"closed","template":"","meta":[],"product_brand":[],"product_cat":[275,274],"product_tag":[],"class_list":{"0":"post-2631","1":"product","2":"type-product","3":"status-publish","4":"has-post-thumbnail","6":"product_cat-bodenstanduhr-amsterdam","7":"product_cat-sortiment","9":"first","10":"instock","11":"shipping-taxable","12":"product-type-simple"},"yoast_head":"<!-- This site is optimized with the Yoast SEO plugin v25.4 - https:\/\/yoast.com\/wordpress\/plugins\/seo\/ -->\n<title>Amsterdamer Bodenstanduhr, Nicolaas Weyland | Frank van Nuus<\/title>\n<meta name=\"description\" content=\"Einzigartige Standuhr mit Glockenspiel; 10 Glocken und 17 H\u00e4mmer. 4 Melodien. Datumsanzeige. Nussbaumwurzelholz. Restauriert im Originalzustand.\" \/>\n<meta name=\"robots\" content=\"index, follow, max-snippet:-1, max-image-preview:large, max-video-preview:-1\" \/>\n<link rel=\"canonical\" href=\"https:\/\/www.frankvannuus.nl\/de\/produkt\/nicolaas-weylandt\/\" \/>\n<meta property=\"og:locale\" content=\"de_DE\" \/>\n<meta property=\"og:type\" content=\"article\" \/>\n<meta property=\"og:title\" content=\"Amsterdamer Bodenstanduhr, Nicolaas Weyland | Frank van Nuus\" \/>\n<meta property=\"og:description\" content=\"Einzigartige Standuhr mit Glockenspiel; 10 Glocken und 17 H\u00e4mmer. 4 Melodien. Datumsanzeige. Nussbaumwurzelholz. Restauriert im Originalzustand.\" \/>\n<meta property=\"og:url\" content=\"https:\/\/www.frankvannuus.nl\/de\/produkt\/nicolaas-weylandt\/\" \/>\n<meta property=\"og:site_name\" content=\"Frank van Nuus\" \/>\n<meta property=\"article:modified_time\" content=\"2023-01-23T15:23:30+00:00\" \/>\n<meta property=\"og:image\" content=\"https:\/\/www.frankvannuus.nl\/wp-content\/uploads\/2022\/10\/nicolaas-weylandt-01-hoofdafb-scaled.jpg\" \/>\n\t<meta property=\"og:image:width\" content=\"2560\" \/>\n\t<meta property=\"og:image:height\" content=\"2560\" \/>\n\t<meta property=\"og:image:type\" content=\"image\/jpeg\" \/>\n<meta name=\"twitter:card\" content=\"summary_large_image\" \/>\n<script type=\"application\/ld+json\" class=\"yoast-schema-graph\">{\"@context\":\"https:\/\/schema.org\",\"@graph\":[{\"@type\":\"WebPage\",\"@id\":\"https:\/\/www.frankvannuus.nl\/de\/produkt\/nicolaas-weylandt\/\",\"url\":\"https:\/\/www.frankvannuus.nl\/de\/produkt\/nicolaas-weylandt\/\",\"name\":\"Amsterdamer Bodenstanduhr, Nicolaas Weyland | Frank van Nuus\",\"isPartOf\":{\"@id\":\"https:\/\/www.frankvannuus.nl\/de\/#website\"},\"primaryImageOfPage\":{\"@id\":\"https:\/\/www.frankvannuus.nl\/de\/produkt\/nicolaas-weylandt\/#primaryimage\"},\"image\":{\"@id\":\"https:\/\/www.frankvannuus.nl\/de\/produkt\/nicolaas-weylandt\/#primaryimage\"},\"thumbnailUrl\":\"https:\/\/www.frankvannuus.nl\/wp-content\/uploads\/2022\/10\/nicolaas-weylandt-01-hoofdafb-scaled.jpg\",\"datePublished\":\"2022-10-28T14:25:51+00:00\",\"dateModified\":\"2023-01-23T15:23:30+00:00\",\"description\":\"Einzigartige Standuhr mit Glockenspiel; 10 Glocken und 17 H\u00e4mmer. 4 Melodien. Datumsanzeige. Nussbaumwurzelholz. Restauriert im Originalzustand.\",\"breadcrumb\":{\"@id\":\"https:\/\/www.frankvannuus.nl\/de\/produkt\/nicolaas-weylandt\/#breadcrumb\"},\"inLanguage\":\"de\",\"potentialAction\":[{\"@type\":\"ReadAction\",\"target\":[\"https:\/\/www.frankvannuus.nl\/de\/produkt\/nicolaas-weylandt\/\"]}]},{\"@type\":\"ImageObject\",\"inLanguage\":\"de\",\"@id\":\"https:\/\/www.frankvannuus.nl\/de\/produkt\/nicolaas-weylandt\/#primaryimage\",\"url\":\"https:\/\/www.frankvannuus.nl\/wp-content\/uploads\/2022\/10\/nicolaas-weylandt-01-hoofdafb-scaled.jpg\",\"contentUrl\":\"https:\/\/www.frankvannuus.nl\/wp-content\/uploads\/2022\/10\/nicolaas-weylandt-01-hoofdafb-scaled.jpg\",\"width\":2560,\"height\":2560,\"caption\":\"Amsterdams staand horloge met speelwerk,\"},{\"@type\":\"BreadcrumbList\",\"@id\":\"https:\/\/www.frankvannuus.nl\/de\/produkt\/nicolaas-weylandt\/#breadcrumb\",\"itemListElement\":[{\"@type\":\"ListItem\",\"position\":1,\"name\":\"Home\",\"item\":\"https:\/\/www.frankvannuus.nl\/de\/home\/\"},{\"@type\":\"ListItem\",\"position\":2,\"name\":\"Sammlung\",\"item\":\"https:\/\/www.frankvannuus.nl\/de\/shop\/\"},{\"@type\":\"ListItem\",\"position\":3,\"name\":\"Nicolaas Weylandt\"}]},{\"@type\":\"WebSite\",\"@id\":\"https:\/\/www.frankvannuus.nl\/de\/#website\",\"url\":\"https:\/\/www.frankvannuus.nl\/de\/\",\"name\":\"Frank van Nuus\",\"description\":\"Uurwerkmaker &amp; Restaurateur\",\"potentialAction\":[{\"@type\":\"SearchAction\",\"target\":{\"@type\":\"EntryPoint\",\"urlTemplate\":\"https:\/\/www.frankvannuus.nl\/de\/?s={search_term_string}\"},\"query-input\":{\"@type\":\"PropertyValueSpecification\",\"valueRequired\":true,\"valueName\":\"search_term_string\"}}],\"inLanguage\":\"de\"}]}<\/script>\n<!-- \/ Yoast SEO plugin. -->","yoast_head_json":{"title":"Amsterdamer Bodenstanduhr, Nicolaas Weyland | Frank van Nuus","description":"Einzigartige Standuhr mit Glockenspiel; 10 Glocken und 17 H\u00e4mmer. 4 Melodien. Datumsanzeige. Nussbaumwurzelholz. Restauriert im Originalzustand.","robots":{"index":"index","follow":"follow","max-snippet":"max-snippet:-1","max-image-preview":"max-image-preview:large","max-video-preview":"max-video-preview:-1"},"canonical":"https:\/\/www.frankvannuus.nl\/de\/produkt\/nicolaas-weylandt\/","og_locale":"de_DE","og_type":"article","og_title":"Amsterdamer Bodenstanduhr, Nicolaas Weyland | Frank van Nuus","og_description":"Einzigartige Standuhr mit Glockenspiel; 10 Glocken und 17 H\u00e4mmer. 4 Melodien. Datumsanzeige. Nussbaumwurzelholz. Restauriert im Originalzustand.","og_url":"https:\/\/www.frankvannuus.nl\/de\/produkt\/nicolaas-weylandt\/","og_site_name":"Frank van Nuus","article_modified_time":"2023-01-23T15:23:30+00:00","og_image":[{"width":2560,"height":2560,"url":"https:\/\/www.frankvannuus.nl\/wp-content\/uploads\/2022\/10\/nicolaas-weylandt-01-hoofdafb-scaled.jpg","type":"image\/jpeg"}],"twitter_card":"summary_large_image","schema":{"@context":"https:\/\/schema.org","@graph":[{"@type":"WebPage","@id":"https:\/\/www.frankvannuus.nl\/de\/produkt\/nicolaas-weylandt\/","url":"https:\/\/www.frankvannuus.nl\/de\/produkt\/nicolaas-weylandt\/","name":"Amsterdamer Bodenstanduhr, Nicolaas Weyland | Frank van Nuus","isPartOf":{"@id":"https:\/\/www.frankvannuus.nl\/de\/#website"},"primaryImageOfPage":{"@id":"https:\/\/www.frankvannuus.nl\/de\/produkt\/nicolaas-weylandt\/#primaryimage"},"image":{"@id":"https:\/\/www.frankvannuus.nl\/de\/produkt\/nicolaas-weylandt\/#primaryimage"},"thumbnailUrl":"https:\/\/www.frankvannuus.nl\/wp-content\/uploads\/2022\/10\/nicolaas-weylandt-01-hoofdafb-scaled.jpg","datePublished":"2022-10-28T14:25:51+00:00","dateModified":"2023-01-23T15:23:30+00:00","description":"Einzigartige Standuhr mit Glockenspiel; 10 Glocken und 17 H\u00e4mmer. 4 Melodien. Datumsanzeige. Nussbaumwurzelholz. Restauriert im Originalzustand.","breadcrumb":{"@id":"https:\/\/www.frankvannuus.nl\/de\/produkt\/nicolaas-weylandt\/#breadcrumb"},"inLanguage":"de","potentialAction":[{"@type":"ReadAction","target":["https:\/\/www.frankvannuus.nl\/de\/produkt\/nicolaas-weylandt\/"]}]},{"@type":"ImageObject","inLanguage":"de","@id":"https:\/\/www.frankvannuus.nl\/de\/produkt\/nicolaas-weylandt\/#primaryimage","url":"https:\/\/www.frankvannuus.nl\/wp-content\/uploads\/2022\/10\/nicolaas-weylandt-01-hoofdafb-scaled.jpg","contentUrl":"https:\/\/www.frankvannuus.nl\/wp-content\/uploads\/2022\/10\/nicolaas-weylandt-01-hoofdafb-scaled.jpg","width":2560,"height":2560,"caption":"Amsterdams staand horloge met speelwerk,"},{"@type":"BreadcrumbList","@id":"https:\/\/www.frankvannuus.nl\/de\/produkt\/nicolaas-weylandt\/#breadcrumb","itemListElement":[{"@type":"ListItem","position":1,"name":"Home","item":"https:\/\/www.frankvannuus.nl\/de\/home\/"},{"@type":"ListItem","position":2,"name":"Sammlung","item":"https:\/\/www.frankvannuus.nl\/de\/shop\/"},{"@type":"ListItem","position":3,"name":"Nicolaas Weylandt"}]},{"@type":"WebSite","@id":"https:\/\/www.frankvannuus.nl\/de\/#website","url":"https:\/\/www.frankvannuus.nl\/de\/","name":"Frank van Nuus","description":"Uurwerkmaker &amp; Restaurateur","potentialAction":[{"@type":"SearchAction","target":{"@type":"EntryPoint","urlTemplate":"https:\/\/www.frankvannuus.nl\/de\/?s={search_term_string}"},"query-input":{"@type":"PropertyValueSpecification","valueRequired":true,"valueName":"search_term_string"}}],"inLanguage":"de"}]}},"_links":{"self":[{"href":"https:\/\/www.frankvannuus.nl\/de\/wp-json\/wp\/v2\/product\/2631","targetHints":{"allow":["GET"]}}],"collection":[{"href":"https:\/\/www.frankvannuus.nl\/de\/wp-json\/wp\/v2\/product"}],"about":[{"href":"https:\/\/www.frankvannuus.nl\/de\/wp-json\/wp\/v2\/types\/product"}],"replies":[{"embeddable":true,"href":"https:\/\/www.frankvannuus.nl\/de\/wp-json\/wp\/v2\/comments?post=2631"}],"wp:featuredmedia":[{"embeddable":true,"href":"https:\/\/www.frankvannuus.nl\/de\/wp-json\/wp\/v2\/media\/2458"}],"wp:attachment":[{"href":"https:\/\/www.frankvannuus.nl\/de\/wp-json\/wp\/v2\/media?parent=2631"}],"wp:term":[{"taxonomy":"product_brand","embeddable":true,"href":"https:\/\/www.frankvannuus.nl\/de\/wp-json\/wp\/v2\/product_brand?post=2631"},{"taxonomy":"product_cat","embeddable":true,"href":"https:\/\/www.frankvannuus.nl\/de\/wp-json\/wp\/v2\/product_cat?post=2631"},{"taxonomy":"product_tag","embeddable":true,"href":"https:\/\/www.frankvannuus.nl\/de\/wp-json\/wp\/v2\/product_tag?post=2631"}],"curies":[{"name":"wp","href":"https:\/\/api.w.org\/{rel}","templated":true}]}}